{"id":1013,"date":"2026-02-09T10:21:40","date_gmt":"2026-02-09T10:21:40","guid":{"rendered":"https:\/\/go.ar-plan.de\/?page_id=1013"},"modified":"2026-02-09T10:21:40","modified_gmt":"2026-02-09T10:21:40","slug":"mobility-and-museums","status":"publish","type":"page","link":"https:\/\/gohrisch.de\/?page_id=1013&lang=en","title":{"rendered":"Mobility and museums"},"content":{"rendered":"<div id=\"inhaltmitte\">\n<div id=\"mitteinnen\">\n<table style=\"width: 100%; height: 1490px;\" cellspacing=\"0\" cellpadding=\"0\">\n<tbody>\n<tr style=\"background-color: #92d5f0;\">\n<th style=\"height: 54px; width: 99.8077%;\" colspan=\"2\">\n<p align=\"left\">\u00d6ffentlicher Nahverkehr<\/p>\n<\/th>\n<\/tr>\n<tr style=\"height: 44px;\">\n<td style=\"height: 44px; width: 36.1538%;\"><a href=\"http:\/\/www.vvo-online.de\/\" target=\"_blank\" rel=\"noopener\">Verkehrsverbund Oberelbe (VVO)<\/a><\/td>\n<td style=\"height: 44px; width: 63.6538%;\">Bus-, F\u00e4hr- und S-Bahnfahrpl\u00e4ne im Gebiet<\/td>\n<\/tr>\n<tr style=\"height: 44px;\">\n<td style=\"height: 44px; width: 36.1538%;\"><a href=\"http:\/\/www.ovps.de\/\" target=\"_blank\" rel=\"noopener\">OVPS<\/a><\/td>\n<td style=\"height: 44px; width: 63.6538%;\">Oberelbische Verkehrsgesellschaft Pirna-Sebnitz mbH<\/td>\n<\/tr>\n<tr style=\"height: 22px;\">\n<td style=\"height: 22px; width: 36.1538%;\"><\/td>\n<td style=\"height: 22px; width: 63.6538%;\">\u00a0<a href=\"http:\/\/www.ovps.de\/downloads\/244.pdf\" target=\"_blank\" rel=\"noopener\">Fahrplan der Buslinien um Gohrisch<\/a><\/td>\n<\/tr>\n<tr style=\"height: 22px;\">\n<td style=\"height: 22px; width: 36.1538%;\"><a href=\"http:\/\/www.bahn.de\/\" target=\"_blank\" rel=\"noopener\">Deutsche Bahn AG<\/a><\/td>\n<td style=\"height: 22px; width: 63.6538%;\">Fahrplan der Deutschen Bahn AG<\/td>\n<\/tr>\n<tr style=\"height: 22px;\">\n<td style=\"height: 22px; width: 36.1538%;\"><a href=\"http:\/\/www.saechsische-dampfschiffahrt.de\/\" target=\"_blank\" rel=\"noopener\">Wei\u00dfe Flotte<\/a><\/td>\n<td style=\"height: 22px; width: 63.6538%;\">Dampfschiffahrt auf der Elbe<\/td>\n<\/tr>\n<tr style=\"height: 22px;\">\n<td style=\"height: 22px; width: 36.1538%;\"><\/td>\n<td style=\"height: 22px; width: 63.6538%;\"><\/td>\n<\/tr>\n<tr style=\"background-color: #92d5f0; height: 54px;\">\n<th style=\"height: 54px; width: 99.8077%;\" colspan=\"2\">\n<p align=\"left\">Museen und Burgen<\/p>\n<\/th>\n<\/tr>\n<tr style=\"height: 44px;\">\n<td style=\"height: 44px; width: 36.1538%;\"><a href=\"http:\/\/www.festung-koenigstein.de\/\" target=\"_blank\" rel=\"noopener\">Festung K\u00f6nigstein<\/a><\/td>\n<td style=\"height: 44px; width: 63.6538%;\">Die ber\u00fchmte Bergfestung in der S\u00e4chsischen Schweiz<\/td>\n<\/tr>\n<tr style=\"height: 44px;\">\n<td style=\"height: 44px; width: 36.1538%;\"><a href=\"http:\/\/www.burg-stolpen.de\/\" target=\"_blank\" rel=\"noopener\">Burg Stolpen<\/a><\/td>\n<td style=\"height: 44px; width: 63.6538%;\">Burg mit einem der tiefsten in Basalt getriebenen Brunnen der Erde<\/td>\n<\/tr>\n<tr style=\"height: 22px;\">\n<td style=\"height: 22px; width: 36.1538%;\"><a href=\"http:\/\/www.schloss-weesenstein.de\/\" target=\"_blank\" rel=\"noopener\">Schlo\u00df Weesenstein<\/a><\/td>\n<td style=\"height: 22px; width: 63.6538%;\">Burg und Schlo\u00df Weesenstein<\/td>\n<\/tr>\n<tr style=\"height: 67px;\">\n<td style=\"height: 67px; width: 36.1538%;\"><a href=\"http:\/\/www.karl-may-museum.de\/\" target=\"_blank\" rel=\"noopener\">Karl-May-Museum<\/a><\/td>\n<td style=\"height: 67px; width: 63.6538%;\">Ausstellung zu Leben und Werk des Schriftstellers<br \/>\nKarl May und den Indianern Nordamerikas in Radebeul<\/td>\n<\/tr>\n<tr style=\"height: 22px;\">\n<td style=\"height: 22px; width: 36.1538%;\"><a href=\"http:\/\/www.ddr-museum-pirna.de\/\" target=\"_blank\" rel=\"noopener\">DDR-Museum Pirna<\/a><\/td>\n<td style=\"height: 22px; width: 63.6538%;\">Ausstellung \u00fcber das Leben in der DDR<\/td>\n<\/tr>\n<tr style=\"height: 22px;\">\n<td style=\"height: 22px; width: 36.1538%;\"><\/td>\n<td style=\"height: 22px; width: 63.6538%;\"><\/td>\n<\/tr>\n<tr style=\"height: 54px; background-color: #92d5f0;\">\n<th style=\"height: 54px; width: 99.8077%;\" colspan=\"2\">\n<p align=\"left\">Theater und Musik<\/p>\n<\/th>\n<\/tr>\n<tr style=\"height: 22px;\">\n<td style=\"height: 22px; width: 36.1538%;\"><a href=\"http:\/\/www.dresden-theater.de\/\" target=\"_blank\" rel=\"noopener\">Felsenb\u00fchne Rathen<\/a><\/td>\n<td style=\"height: 22px; width: 63.6538%;\">Naturb\u00fchne im Nationalpark S\u00e4chsische Schweiz<\/td>\n<\/tr>\n<tr style=\"height: 44px;\">\n<td style=\"height: 44px; width: 36.1538%;\">Konzertscheune Gohrisch<\/td>\n<td style=\"height: 44px; width: 63.6538%;\">Internationale Schostakowitsch Tage Gohrisch, j\u00e4hrlich im Juni<\/td>\n<\/tr>\n<tr style=\"height: 54px; background-color: #92d5f0;\">\n<th style=\"height: 54px; width: 99.8077%;\" colspan=\"2\">\n<p align=\"left\">Wanderungen<\/p>\n<\/th>\n<\/tr>\n<tr style=\"height: 22px;\">\n<td style=\"height: 22px; width: 36.1538%;\"><a href=\"http:\/\/www.elbsandsteingebirge.de\/html\/wanderseite.html\" target=\"_blank\" rel=\"noopener\">Elbsandsteingebirge.de<\/a><\/td>\n<td style=\"height: 22px; width: 63.6538%;\">Wandertouren in der S\u00e4chsischen Schweiz<\/td>\n<\/tr>\n<tr style=\"height: 89px;\">\n<td style=\"height: 89px; width: 36.1538%;\"><a href=\"https:\/\/sandstein.guide\/\" target=\"_blank\" rel=\"noopener\">sandstein.guide<br \/>\nIhr Guide f\u00fcr Geocaching, Wandern<br \/>\nund Klettern<\/a><\/td>\n<td style=\"height: 89px; width: 63.6538%;\">Wandervorschl\u00e4ge und gef\u00fchrte Wanderungen<br \/>\nin der S\u00e4chsischen Schweiz<\/td>\n<\/tr>\n<tr style=\"height: 22px;\">\n<td style=\"height: 22px; width: 36.1538%;\"><\/td>\n<td style=\"height: 22px; width: 63.6538%;\"><\/td>\n<\/tr>\n<tr style=\"height: 54px; background-color: #92d5f0;\">\n<th style=\"height: 54px; width: 99.8077%;\" colspan=\"2\">\n<p align=\"left\">Gesundheit &amp; Wellness<\/p>\n<\/th>\n<\/tr>\n<tr style=\"height: 22px;\">\n<td style=\"height: 22px; width: 36.1538%;\"><\/td>\n<td style=\"height: 22px; width: 63.6538%;\"><\/td>\n<\/tr>\n<tr style=\"height: 54px; background-color: #92d5f0;\">\n<th style=\"height: 54px; width: 99.8077%;\" colspan=\"2\">\n<p align=\"left\">empfehlenswerte Karten und Wanderf\u00fchrer<\/p>\n<\/th>\n<\/tr>\n<tr style=\"height: 44px;\">\n<td style=\"height: 44px; width: 36.1538%;\">ISBN 3-934514-09-X<\/td>\n<td style=\"height: 44px; width: 63.6538%;\">Wander- &amp; Naturf\u00fchrer S\u00e4chsische Schweiz, Peter R\u00f6lke, Berg- &amp; Naturverlag<\/td>\n<\/tr>\n<tr style=\"height: 44px;\">\n<td style=\"height: 44px; width: 36.1538%;\">ISBN 3-910181-09-0<\/td>\n<td style=\"height: 44px; width: 63.6538%;\">Gro\u00dfe Karte der S\u00e4chsischen Schweiz M1:30000,<br \/>\nRolf B\u00f6hm<\/td>\n<\/tr>\n<tr style=\"height: 22px;\">\n<td style=\"height: 22px; width: 36.1538%;\">ISBN 3-910181-08-2<\/td>\n<td style=\"height: 22px; width: 63.6538%;\">B\u00f6hmische Schweiz M1:40000, Rolf B\u00f6hm<\/td>\n<\/tr>\n<tr style=\"height: 22px;\">\n<td style=\"height: 22px; width: 36.1538%;\"><\/td>\n<td style=\"height: 22px; width: 63.6538%;\"><\/td>\n<\/tr>\n<tr style=\"height: 54px; background-color: #92d5f0;\">\n<th style=\"height: 54px; width: 99.8077%;\" colspan=\"2\">\n<p align=\"left\">Informationen zur Region S\u00e4chsische Schweiz<\/p>\n<\/th>\n<\/tr>\n<tr style=\"height: 22px;\">\n<td style=\"height: 22px; width: 99.8077%;\" colspan=\"2\"><a href=\"http:\/\/www.saechsische-schweiz.de\/\" target=\"_blank\" rel=\"noopener\">Tourismusverband S\u00e4chsische Schweiz e.V.<\/a><\/td>\n<\/tr>\n<tr style=\"height: 22px;\">\n<td style=\"height: 22px; width: 99.8077%;\" colspan=\"2\"><a href=\"http:\/\/www.tourismusverein-elbsandsteingebirge.de\/\" target=\"_blank\" rel=\"noopener\">Tourismusverein Elbsandsteingebirge e.V. <\/a><\/td>\n<\/tr>\n<tr style=\"height: 22px;\">\n<td style=\"height: 22px; width: 99.8077%;\" colspan=\"2\"><a href=\"http:\/\/www.oberelbe.de\/\" target=\"_blank\" rel=\"noopener\">Regionalportal S\u00e4chsische Schweiz<\/a><\/td>\n<\/tr>\n<tr style=\"height: 22px;\">\n<td style=\"height: 22px; width: 99.8077%;\" colspan=\"2\"><a href=\"http:\/\/www.hier-in-sachsen.com\" target=\"_blank\" rel=\"noopener\">Hier in Sachsen &#8211; Infoportal S\u00e4chsische Schweiz<\/a><\/td>\n<\/tr>\n<tr style=\"height: 22px;\">\n<td style=\"height: 22px; width: 36.1538%;\"><\/td>\n<td style=\"height: 22px; width: 63.6538%;\"><\/td>\n<\/tr>\n<tr style=\"height: 54px; background-color: #92d5f0;\">\n<th style=\"height: 54px; width: 99.8077%;\" colspan=\"2\">\n<p align=\"left\">Informationen \u00fcber Sachsen<\/p>\n<\/th>\n<\/tr>\n<tr style=\"height: 44px;\">\n<td style=\"height: 44px; width: 36.1538%;\">\u00a0<a href=\"http:\/\/www.wohin-in-sachsen.de\/\" target=\"_blank\" rel=\"noopener\">Wohin in Sachsen<\/a><\/td>\n<td style=\"height: 44px; width: 63.6538%;\">\u00a0Touristische Informationen \u00fcber\u00a0andere Regionen in Sachsen<\/td>\n<\/tr>\n<tr style=\"height: 22px;\">\n<td style=\"height: 22px; width: 36.1538%;\"><\/td>\n<td style=\"height: 22px; width: 63.6538%;\"><\/td>\n<\/tr>\n<\/tbody>\n<\/table>\n<p>&nbsp;<\/p>\n<\/div>\n<\/div>\n<div class=\"clearzeile\"><\/div>\n","protected":false},"excerpt":{"rendered":"<p>\u00d6ffentlicher Nahverkehr Verkehrsverbund Oberelbe (VVO) Bus-, F\u00e4hr- und S-Bahnfahrpl\u00e4ne im Gebiet OVPS Oberelbische Verkehrsgesellschaft Pirna-Sebnitz mbH \u00a0Fahrplan der Buslinien um Gohrisch Deutsche Bahn AG Fahrplan der Deutschen Bahn AG Wei\u00dfe&hellip;<\/p>\n","protected":false},"author":1,"featured_media":0,"parent":702,"menu_order":0,"comment_status":"closed","ping_status":"closed","template":"","meta":{"_FSMCFIC_featured_image_caption":"","_FSMCFIC_featured_image_nocaption":"","_FSMCFIC_featured_image_hide":"","_mc_calendar":[],"footnotes":""},"class_list":["post-1013","page","type-page","status-publish","hentry"],"_links":{"self":[{"href":"https:\/\/gohrisch.de\/index.php?rest_route=\/wp\/v2\/pages\/1013","targetHints":{"allow":["GET"]}}],"collection":[{"href":"https:\/\/gohrisch.de\/index.php?rest_route=\/wp\/v2\/pages"}],"about":[{"href":"https:\/\/gohrisch.de\/index.php?rest_route=\/wp\/v2\/types\/page"}],"author":[{"embeddable":true,"href":"https:\/\/gohrisch.de\/index.php?rest_route=\/wp\/v2\/users\/1"}],"replies":[{"embeddable":true,"href":"https:\/\/gohrisch.de\/index.php?rest_route=%2Fwp%2Fv2%2Fcomments&post=1013"}],"version-history":[{"count":1,"href":"https:\/\/gohrisch.de\/index.php?rest_route=\/wp\/v2\/pages\/1013\/revisions"}],"predecessor-version":[{"id":1014,"href":"https:\/\/gohrisch.de\/index.php?rest_route=\/wp\/v2\/pages\/1013\/revisions\/1014"}],"up":[{"embeddable":true,"href":"https:\/\/gohrisch.de\/index.php?rest_route=\/wp\/v2\/pages\/702"}],"wp:attachment":[{"href":"https:\/\/gohrisch.de\/index.php?rest_route=%2Fwp%2Fv2%2Fmedia&parent=1013"}],"curies":[{"name":"wp","href":"https:\/\/api.w.org\/{rel}","templated":true}]}}