{"id":1027,"date":"2026-02-09T11:20:14","date_gmt":"2026-02-09T11:20:14","guid":{"rendered":"https:\/\/go.ar-plan.de\/?page_id=1027"},"modified":"2026-03-03T20:03:03","modified_gmt":"2026-03-03T20:03:03","slug":"prijezd","status":"publish","type":"page","link":"https:\/\/gohrisch.de\/?page_id=1027&lang=cs","title":{"rendered":"P\u0159\u00edjezd"},"content":{"rendered":"<h2 data-start=\"\u201e86\u201c\" data-end=\"\u201e112\u201c\">Cesta do Gohrisch<\/h2>\n<p data-start=\"\u201a114\u2018\" data-end=\"\u201e600\u201c\">Obec Gohrisch le\u017e\u00ed uprost\u0159ed p\u016fsobiv\u00e9 krajiny Sask\u00e9ho \u0160v\u00fdcarska \u2013 je snadno dostupn\u00e1, ale p\u0159esto daleko od shonu ka\u017edodenn\u00edho \u017eivota. A\u0165 u\u017e autem, vlakem nebo na kole: cesta do Gohrischu vede malebn\u00fdmi \u00fadol\u00edmi, kolem p\u00edskovcov\u00fdch skal Elbsandsteinfelsen a idylick\u00fdch vesni\u010dek. Na t\u00e9to str\u00e1nce najdete v\u0161echny d\u016fle\u017eit\u00e9 informace o cest\u011b, aby va\u0161e dovolen\u00e1 za\u010dala v klidu a vy jste si mohli kr\u00e1su regionu u\u017e\u00edt od prvn\u00ed minuty.<\/p>\n<p><code><\/code><\/p>\n<p><iframe loading=\"lazy\" style=\"border: 0;\" src=\"https:\/\/www.google.com\/maps\/embed?pb=!1m14!1m12!1m3!1d647.3524747143105!2d14.10524848350564!3d50.910875472277446!2m3!1f0!2f0!3f0!3m2!1i1024!2i768!4f13.1!5e0!3m2!1sde!2sde!4v1756365836380!5m2!1sde!2sde\" width=\"600\" height=\"450\" allowfullscreen=\"allowfullscreen\"><\/iframe><\/p>\n<p>&nbsp;<\/p>\n<p>&nbsp;<\/p>\n","protected":false},"excerpt":{"rendered":"<p>Cesta do Gohrisch Obec Gohrisch le\u017e\u00ed uprost\u0159ed p\u016fsobiv\u00e9 krajiny Sask\u00e9ho \u0160v\u00fdcarska \u2013 je snadno dostupn\u00e1, ale p\u0159esto daleko od shonu ka\u017edodenn\u00edho \u017eivota. A\u0165 u\u017e autem, vlakem nebo na kole: cesta&hellip;<\/p>\n","protected":false},"author":1,"featured_media":1234,"parent":710,"menu_order":0,"comment_status":"closed","ping_status":"closed","template":"","meta":{"_FSMCFIC_featured_image_caption":"","_FSMCFIC_featured_image_nocaption":"","_FSMCFIC_featured_image_hide":"","_mc_calendar":[],"footnotes":""},"class_list":["post-1027","page","type-page","status-publish","has-post-thumbnail","hentry"],"_links":{"self":[{"href":"https:\/\/gohrisch.de\/index.php?rest_route=\/wp\/v2\/pages\/1027","targetHints":{"allow":["GET"]}}],"collection":[{"href":"https:\/\/gohrisch.de\/index.php?rest_route=\/wp\/v2\/pages"}],"about":[{"href":"https:\/\/gohrisch.de\/index.php?rest_route=\/wp\/v2\/types\/page"}],"author":[{"embeddable":true,"href":"https:\/\/gohrisch.de\/index.php?rest_route=\/wp\/v2\/users\/1"}],"replies":[{"embeddable":true,"href":"https:\/\/gohrisch.de\/index.php?rest_route=%2Fwp%2Fv2%2Fcomments&post=1027"}],"version-history":[{"count":3,"href":"https:\/\/gohrisch.de\/index.php?rest_route=\/wp\/v2\/pages\/1027\/revisions"}],"predecessor-version":[{"id":1114,"href":"https:\/\/gohrisch.de\/index.php?rest_route=\/wp\/v2\/pages\/1027\/revisions\/1114"}],"up":[{"embeddable":true,"href":"https:\/\/gohrisch.de\/index.php?rest_route=\/wp\/v2\/pages\/710"}],"wp:featuredmedia":[{"embeddable":true,"href":"https:\/\/gohrisch.de\/index.php?rest_route=\/wp\/v2\/media\/1234"}],"wp:attachment":[{"href":"https:\/\/gohrisch.de\/index.php?rest_route=%2Fwp%2Fv2%2Fmedia&parent=1027"}],"curies":[{"name":"wp","href":"https:\/\/api.w.org\/{rel}","templated":true}]}}