{"id":150,"date":"2025-07-25T09:21:42","date_gmt":"2025-07-25T09:21:42","guid":{"rendered":"https:\/\/go.ar-plan.de\/?page_id=150"},"modified":"2025-11-13T14:02:24","modified_gmt":"2025-11-13T14:02:24","slug":"touristinformation","status":"publish","type":"page","link":"https:\/\/gohrisch.de\/?page_id=150","title":{"rendered":"Touristinformation"},"content":{"rendered":"<p data-start=\"122\" data-end=\"424\">Willkommen in der <strong data-start=\"140\" data-end=\"171\">Touristinformation Gohrisch<\/strong> \u2013 deinem ersten Anlaufpunkt f\u00fcr einen unvergesslichen Aufenthalt im Herzen der S\u00e4chsischen Schweiz. Eingebettet zwischen markanten Tafelbergen und malerischen W\u00e4ldern ist Gohrisch ein Ort, der Natur, Erholung und Kultur auf besondere Weise verbindet.<\/p>\n<p data-start=\"426\" data-end=\"700\">Unser Team hilft dir gerne bei allen Fragen rund um Wanderungen, Ausfl\u00fcge, Veranstaltungen und Unterk\u00fcnfte. Ob Tipps f\u00fcr die sch\u00f6nsten Routen, Empfehlungen zu Gastronomie und Einkauf oder aktuelle Informationen zu Freizeitangeboten \u2013 hier bekommst du alles aus einer Hand.<\/p>\n<p data-start=\"702\" data-end=\"931\">Entdecke Gohrisch als staatlich anerkannten Erholungsort mit Tradition, Gastfreundschaft und einzigartiger Natur. Wir freuen uns darauf, dich bei deiner Urlaubsplanung zu begleiten und deinen Aufenthalt unvergesslich zu machen.<\/p>\n<p><strong>Tourist-Info Gohrisch<\/strong><br \/>\nHaus der Gemeindeverwaltung Gohrisch<br \/>\nNeue Hauptstra\u00dfe 116b<br \/>\n01824 Kurort Gohrisch<br \/>\nTelefon:<br \/>\nFax: 03 50 21 \/ 6 61 66<br \/>\n03 50 21 \/ 6 61 55<br \/>\nE-Mail: <a href=\"mailto:tourist-info@gohrisch.de\">tourist-info@gohrisch.de<\/a><\/p>\n<p><iframe loading=\"lazy\" title=\"&quot;Kurort Gohrisch&quot; - S\u00e4chsische Schweiz | Imagefilm Dresden, Sachsen\" src=\"https:\/\/www.youtube.com\/embed\/Xtg2kDngOno\" width=\"1333\" height=\"500\" frameborder=\"0\" allowfullscreen=\"allowfullscreen\"><\/iframe><\/p>\n<p>&nbsp;<\/p>\n","protected":false},"excerpt":{"rendered":"<p>Willkommen in der Touristinformation Gohrisch \u2013 deinem ersten Anlaufpunkt f\u00fcr einen unvergesslichen Aufenthalt im Herzen der S\u00e4chsischen Schweiz. Eingebettet zwischen markanten Tafelbergen und malerischen W\u00e4ldern ist Gohrisch ein Ort, der&hellip;<\/p>\n","protected":false},"author":1,"featured_media":151,"parent":27,"menu_order":0,"comment_status":"closed","ping_status":"closed","template":"","meta":{"_FSMCFIC_featured_image_caption":"","_FSMCFIC_featured_image_nocaption":"","_FSMCFIC_featured_image_hide":"","_mc_calendar":[],"footnotes":""},"class_list":["post-150","page","type-page","status-publish","has-post-thumbnail","hentry"],"_links":{"self":[{"href":"https:\/\/gohrisch.de\/index.php?rest_route=\/wp\/v2\/pages\/150","targetHints":{"allow":["GET"]}}],"collection":[{"href":"https:\/\/gohrisch.de\/index.php?rest_route=\/wp\/v2\/pages"}],"about":[{"href":"https:\/\/gohrisch.de\/index.php?rest_route=\/wp\/v2\/types\/page"}],"author":[{"embeddable":true,"href":"https:\/\/gohrisch.de\/index.php?rest_route=\/wp\/v2\/users\/1"}],"replies":[{"embeddable":true,"href":"https:\/\/gohrisch.de\/index.php?rest_route=%2Fwp%2Fv2%2Fcomments&post=150"}],"version-history":[{"count":9,"href":"https:\/\/gohrisch.de\/index.php?rest_route=\/wp\/v2\/pages\/150\/revisions"}],"predecessor-version":[{"id":983,"href":"https:\/\/gohrisch.de\/index.php?rest_route=\/wp\/v2\/pages\/150\/revisions\/983"}],"up":[{"embeddable":true,"href":"https:\/\/gohrisch.de\/index.php?rest_route=\/wp\/v2\/pages\/27"}],"wp:featuredmedia":[{"embeddable":true,"href":"https:\/\/gohrisch.de\/index.php?rest_route=\/wp\/v2\/media\/151"}],"wp:attachment":[{"href":"https:\/\/gohrisch.de\/index.php?rest_route=%2Fwp%2Fv2%2Fmedia&parent=150"}],"curies":[{"name":"wp","href":"https:\/\/api.w.org\/{rel}","templated":true}]}}