{"id":154,"date":"2025-07-25T10:55:43","date_gmt":"2025-07-25T10:55:43","guid":{"rendered":"https:\/\/go.ar-plan.de\/?page_id=154"},"modified":"2025-11-03T10:15:19","modified_gmt":"2025-11-03T10:15:19","slug":"dienstleistungen","status":"publish","type":"page","link":"https:\/\/gohrisch.de\/?page_id=154","title":{"rendered":"Dienstleistungen"},"content":{"rendered":"<p data-start=\"118\" data-end=\"418\">Mit der <strong data-start=\"126\" data-end=\"149\">G\u00e4stekarte mobil Gohrisch<\/strong> und dem <strong data-start=\"158\" data-end=\"172\">Wanderpass<\/strong> wird dein Aufenthalt in der S\u00e4chsischen Schweiz noch attraktiver. G\u00e4ste unserer Gemeinde profitieren von zahlreichen Vorteilen: Verg\u00fcnstigungen bei Freizeiteinrichtungen, kulturellen Angeboten, in der Gastronomie sowie bei regionalen Partnern.<\/p>\n<p data-start=\"118\" data-end=\"418\"><a href=\"https:\/\/www.saechsische-schweiz.de\/gut-zu-wissen\/gaestekarte\">Link zur G\u00e4stekarte mobil<\/a><\/p>\n<p data-start=\"420\" data-end=\"696\">Der <strong data-start=\"424\" data-end=\"447\">Wanderpass Gohrisch<\/strong> l\u00e4dt dazu ein, die sch\u00f6nsten Wege rund um unsere Ortsteile zu entdecken. An markanten Punkten kannst du Stempel sammeln und so deine Wanderungen dokumentieren \u2013 ein besonderes Andenken an erlebnisreiche Tage inmitten der einzigartigen Felsenwelt.<\/p>\n<p data-start=\"698\" data-end=\"919\">Ob aktive Erholung, Familienausflug oder Naturgenuss \u2013 mit G\u00e4stekarte und Wanderpass erh\u00e4ltst du nicht nur viele Extras, sondern auch die besten Tipps, um Gohrisch und die S\u00e4chsische Schweiz in vollen Z\u00fcgen zu genie\u00dfen.<\/p>\n<p data-start=\"698\" data-end=\"919\"><strong>Veranstaltungskalender<\/strong><\/p>\n<p data-start=\"698\" data-end=\"919\">[Total_Soft_Cal id=&#8220;5&#8243;]<\/p>\n","protected":false},"excerpt":{"rendered":"<p>Mit der G\u00e4stekarte mobil Gohrisch und dem Wanderpass wird dein Aufenthalt in der S\u00e4chsischen Schweiz noch attraktiver. G\u00e4ste unserer Gemeinde profitieren von zahlreichen Vorteilen: Verg\u00fcnstigungen bei Freizeiteinrichtungen, kulturellen Angeboten, in&hellip;<\/p>\n","protected":false},"author":1,"featured_media":155,"parent":0,"menu_order":0,"comment_status":"closed","ping_status":"closed","template":"","meta":{"_FSMCFIC_featured_image_caption":"","_FSMCFIC_featured_image_nocaption":"","_FSMCFIC_featured_image_hide":"","_mc_calendar":[],"footnotes":""},"class_list":["post-154","page","type-page","status-publish","has-post-thumbnail","hentry"],"_links":{"self":[{"href":"https:\/\/gohrisch.de\/index.php?rest_route=\/wp\/v2\/pages\/154","targetHints":{"allow":["GET"]}}],"collection":[{"href":"https:\/\/gohrisch.de\/index.php?rest_route=\/wp\/v2\/pages"}],"about":[{"href":"https:\/\/gohrisch.de\/index.php?rest_route=\/wp\/v2\/types\/page"}],"author":[{"embeddable":true,"href":"https:\/\/gohrisch.de\/index.php?rest_route=\/wp\/v2\/users\/1"}],"replies":[{"embeddable":true,"href":"https:\/\/gohrisch.de\/index.php?rest_route=%2Fwp%2Fv2%2Fcomments&post=154"}],"version-history":[{"count":7,"href":"https:\/\/gohrisch.de\/index.php?rest_route=\/wp\/v2\/pages\/154\/revisions"}],"predecessor-version":[{"id":901,"href":"https:\/\/gohrisch.de\/index.php?rest_route=\/wp\/v2\/pages\/154\/revisions\/901"}],"wp:featuredmedia":[{"embeddable":true,"href":"https:\/\/gohrisch.de\/index.php?rest_route=\/wp\/v2\/media\/155"}],"wp:attachment":[{"href":"https:\/\/gohrisch.de\/index.php?rest_route=%2Fwp%2Fv2%2Fmedia&parent=154"}],"curies":[{"name":"wp","href":"https:\/\/api.w.org\/{rel}","templated":true}]}}