{"id":232,"date":"2025-08-21T10:54:55","date_gmt":"2025-08-21T10:54:55","guid":{"rendered":"https:\/\/go.ar-plan.de\/?page_id=232"},"modified":"2026-03-17T12:50:34","modified_gmt":"2026-03-17T12:50:34","slug":"anreise-ortsplan","status":"publish","type":"page","link":"https:\/\/gohrisch.de\/?page_id=232","title":{"rendered":"Anreise\/ Ortsplan"},"content":{"rendered":"<h2 data-start=\"86\" data-end=\"112\">Anreise nach Gohrisch<\/h2>\n<p data-start=\"114\" data-end=\"600\">Eingebettet in die eindrucksvolle Landschaft der S\u00e4chsischen Schweiz liegt die Gemeinde Gohrisch \u2013 gut erreichbar und dennoch fern vom Trubel des Alltags. Ob mit dem Auto, der Bahn oder dem Fahrrad: Der Weg nach Gohrisch f\u00fchrt durch malerische T\u00e4ler, vorbei an Elbsandsteinfelsen und idyllischen D\u00f6rfern. Auf dieser Seite finden Sie alle wichtigen Informationen zur Anreise, damit Ihre Reise entspannt beginnt und Sie die Sch\u00f6nheit der Region von der ersten Minute an genie\u00dfen k\u00f6nnen.<\/p>\n<p data-start=\"114\" data-end=\"600\"><a class=\"fasc-button fasc-size-medium fasc-type-glossy fasc-ico-before dashicons-admin-site\" style=\"background-color: #33809e; color: #ffffff;\" href=\"https:\/\/www.rvsoe.de\/fahrplan\/fahrplaene\/regionalverkehr\">Regionalverkehr (Bus)<\/a><\/p>\n<p data-start=\"114\" data-end=\"600\"><a class=\"fasc-button fasc-size-medium fasc-type-glossy fasc-ico-before dashicons-admin-site\" style=\"background-color: #33809e; color: #ffffff;\" href=\"https:\/\/www.bahn.de\/service\/informationen-buchung\">Bahn Auskunft<\/a><\/p>\n<p><iframe loading=\"lazy\" style=\"border: 0;\" src=\"https:\/\/www.google.com\/maps\/embed?pb=!1m14!1m12!1m3!1d647.3524747143105!2d14.10524848350564!3d50.910875472277446!2m3!1f0!2f0!3f0!3m2!1i1024!2i768!4f13.1!5e0!3m2!1sde!2sde!4v1756365836380!5m2!1sde!2sde\" width=\"600\" height=\"450\" allowfullscreen=\"allowfullscreen\"><\/iframe><\/p>\n<p>&nbsp;<\/p>\n<p>&nbsp;<\/p>\n","protected":false},"excerpt":{"rendered":"<p>Anreise nach Gohrisch Eingebettet in die eindrucksvolle Landschaft der S\u00e4chsischen Schweiz liegt die Gemeinde Gohrisch \u2013 gut erreichbar und dennoch fern vom Trubel des Alltags. Ob mit dem Auto, der&hellip;<\/p>\n","protected":false},"author":1,"featured_media":1234,"parent":32,"menu_order":0,"comment_status":"closed","ping_status":"closed","template":"","meta":{"_FSMCFIC_featured_image_caption":"","_FSMCFIC_featured_image_nocaption":"","_FSMCFIC_featured_image_hide":"","_mc_calendar":[],"footnotes":""},"class_list":["post-232","page","type-page","status-publish","has-post-thumbnail","hentry"],"_links":{"self":[{"href":"https:\/\/gohrisch.de\/index.php?rest_route=\/wp\/v2\/pages\/232","targetHints":{"allow":["GET"]}}],"collection":[{"href":"https:\/\/gohrisch.de\/index.php?rest_route=\/wp\/v2\/pages"}],"about":[{"href":"https:\/\/gohrisch.de\/index.php?rest_route=\/wp\/v2\/types\/page"}],"author":[{"embeddable":true,"href":"https:\/\/gohrisch.de\/index.php?rest_route=\/wp\/v2\/users\/1"}],"replies":[{"embeddable":true,"href":"https:\/\/gohrisch.de\/index.php?rest_route=%2Fwp%2Fv2%2Fcomments&post=232"}],"version-history":[{"count":18,"href":"https:\/\/gohrisch.de\/index.php?rest_route=\/wp\/v2\/pages\/232\/revisions"}],"predecessor-version":[{"id":1339,"href":"https:\/\/gohrisch.de\/index.php?rest_route=\/wp\/v2\/pages\/232\/revisions\/1339"}],"up":[{"embeddable":true,"href":"https:\/\/gohrisch.de\/index.php?rest_route=\/wp\/v2\/pages\/32"}],"wp:featuredmedia":[{"embeddable":true,"href":"https:\/\/gohrisch.de\/index.php?rest_route=\/wp\/v2\/media\/1234"}],"wp:attachment":[{"href":"https:\/\/gohrisch.de\/index.php?rest_route=%2Fwp%2Fv2%2Fmedia&parent=232"}],"curies":[{"name":"wp","href":"https:\/\/api.w.org\/{rel}","templated":true}]}}