{"id":255,"date":"2025-08-21T11:32:18","date_gmt":"2025-08-21T11:32:18","guid":{"rendered":"https:\/\/go.ar-plan.de\/?page_id=255"},"modified":"2026-03-09T12:31:16","modified_gmt":"2026-03-09T12:31:16","slug":"schostakowitsch","status":"publish","type":"page","link":"https:\/\/gohrisch.de\/?page_id=255","title":{"rendered":"Schostakowitsch"},"content":{"rendered":"<h2 data-start=\"110\" data-end=\"159\">Internationale Schostakowitsch-Tage Gohrisch<\/h2>\n<p data-start=\"160\" data-end=\"595\">Gohrisch ist nicht nur ein idyllischer Kurort in der S\u00e4chsischen Schweiz, sondern auch ein Ort von internationaler Musikgeschichte. Hier komponierte Dmitri Schostakowitsch 1960 sein ber\u00fchmtes 8. Streichquartett \u2013 das einzige Werk, das er je au\u00dferhalb der Sowjetunion schrieb. Aus dieser besonderen Verbindung entstand 2010 das einzigartige Festival, das seither jedes Jahr Musikerinnen und Musiker sowie G\u00e4ste aus aller Welt anzieht.<\/p>\n<p data-start=\"597\" data-end=\"944\">Die <a href=\"https:\/\/www.schostakowitsch-tage.de\/\"><strong data-start=\"601\" data-end=\"650\">Internationalen Schostakowitsch-Tage Gohrisch<\/strong><\/a> sind heute das einzige Festival weltweit, das dem gro\u00dfen Komponisten in dieser Form gewidmet ist. In der besonderen Atmosph\u00e4re der Gohrischer Konzertscheune erleben Besucher au\u00dfergew\u00f6hnliche Konzerte, hochkar\u00e4tige K\u00fcnstler und unvergessliche Begegnungen von Musik, Geschichte und Landschaft.<\/p>\n","protected":false},"excerpt":{"rendered":"<p>Internationale Schostakowitsch-Tage Gohrisch Gohrisch ist nicht nur ein idyllischer Kurort in der S\u00e4chsischen Schweiz, sondern auch ein Ort von internationaler Musikgeschichte. Hier komponierte Dmitri Schostakowitsch 1960 sein ber\u00fchmtes 8. Streichquartett&hellip;<\/p>\n","protected":false},"author":1,"featured_media":494,"parent":27,"menu_order":0,"comment_status":"closed","ping_status":"closed","template":"","meta":{"_FSMCFIC_featured_image_caption":"","_FSMCFIC_featured_image_nocaption":"","_FSMCFIC_featured_image_hide":"","_mc_calendar":[],"footnotes":""},"class_list":["post-255","page","type-page","status-publish","has-post-thumbnail","hentry"],"_links":{"self":[{"href":"https:\/\/gohrisch.de\/index.php?rest_route=\/wp\/v2\/pages\/255","targetHints":{"allow":["GET"]}}],"collection":[{"href":"https:\/\/gohrisch.de\/index.php?rest_route=\/wp\/v2\/pages"}],"about":[{"href":"https:\/\/gohrisch.de\/index.php?rest_route=\/wp\/v2\/types\/page"}],"author":[{"embeddable":true,"href":"https:\/\/gohrisch.de\/index.php?rest_route=\/wp\/v2\/users\/1"}],"replies":[{"embeddable":true,"href":"https:\/\/gohrisch.de\/index.php?rest_route=%2Fwp%2Fv2%2Fcomments&post=255"}],"version-history":[{"count":3,"href":"https:\/\/gohrisch.de\/index.php?rest_route=\/wp\/v2\/pages\/255\/revisions"}],"predecessor-version":[{"id":1313,"href":"https:\/\/gohrisch.de\/index.php?rest_route=\/wp\/v2\/pages\/255\/revisions\/1313"}],"up":[{"embeddable":true,"href":"https:\/\/gohrisch.de\/index.php?rest_route=\/wp\/v2\/pages\/27"}],"wp:featuredmedia":[{"embeddable":true,"href":"https:\/\/gohrisch.de\/index.php?rest_route=\/wp\/v2\/media\/494"}],"wp:attachment":[{"href":"https:\/\/gohrisch.de\/index.php?rest_route=%2Fwp%2Fv2%2Fmedia&parent=255"}],"curies":[{"name":"wp","href":"https:\/\/api.w.org\/{rel}","templated":true}]}}