{"id":265,"date":"2025-08-21T11:34:22","date_gmt":"2025-08-21T11:34:22","guid":{"rendered":"https:\/\/go.ar-plan.de\/?page_id=265"},"modified":"2025-11-03T14:18:53","modified_gmt":"2025-11-03T14:18:53","slug":"waldbad-cunnersdorf","status":"publish","type":"page","link":"https:\/\/gohrisch.de\/?page_id=265","title":{"rendered":"Waldbad Cunnersdorf"},"content":{"rendered":"<p><span style=\"color: #ff0000;\"><strong>Das Waldbad bleibt leider f\u00fcr die Saison 2025 wegen Bauma\u00dfnahmen geschlossen.<\/strong><\/span><\/p>\n<p>solarbeheizte Becken<br \/>\n<strong>liegt<\/strong> teilweise eingebettet im Wald,<br \/>\n<strong>befindet<\/strong> sich v\u00f6llig abseits vom Verkehrsl\u00e4rm,<br \/>\n<strong>hat<\/strong> f\u00fcr Sie eine riesige Liegewiese von ca. 10000 m\u00b2<br \/>\n<strong>erfreut<\/strong> Sie mit einer Wasserfl\u00e4che von 800 m\u00b2<br \/>\n<strong>besitzt<\/strong> eine Breit-Rutsche<br \/>\n<strong>eignet<\/strong> sich besonders f\u00fcr Familien mit Kindern<br \/>\n<strong>bietet<\/strong> ein separates Planschbecken von 50 m\u00b2<\/p>\n<p><strong>Unsere Angebote f\u00fcr Sie<br \/>\n<\/strong><br \/>\nGastronomische Versorgung<br \/>\nKinderspielplatz<br \/>\nBall-Spielplatz (Volleyball, Fu\u00dfball)<br \/>\nAusleihe von Sportger\u00e4ten<\/p>\n","protected":false},"excerpt":{"rendered":"<p>Das Waldbad bleibt leider f\u00fcr die Saison 2025 wegen Bauma\u00dfnahmen geschlossen. solarbeheizte Becken liegt teilweise eingebettet im Wald, befindet sich v\u00f6llig abseits vom Verkehrsl\u00e4rm, hat f\u00fcr Sie eine riesige Liegewiese&hellip;<\/p>\n","protected":false},"author":1,"featured_media":398,"parent":27,"menu_order":0,"comment_status":"closed","ping_status":"closed","template":"","meta":{"_FSMCFIC_featured_image_caption":"","_FSMCFIC_featured_image_nocaption":"","_FSMCFIC_featured_image_hide":"","_mc_calendar":[],"footnotes":""},"class_list":["post-265","page","type-page","status-publish","has-post-thumbnail","hentry"],"_links":{"self":[{"href":"https:\/\/gohrisch.de\/index.php?rest_route=\/wp\/v2\/pages\/265","targetHints":{"allow":["GET"]}}],"collection":[{"href":"https:\/\/gohrisch.de\/index.php?rest_route=\/wp\/v2\/pages"}],"about":[{"href":"https:\/\/gohrisch.de\/index.php?rest_route=\/wp\/v2\/types\/page"}],"author":[{"embeddable":true,"href":"https:\/\/gohrisch.de\/index.php?rest_route=\/wp\/v2\/users\/1"}],"replies":[{"embeddable":true,"href":"https:\/\/gohrisch.de\/index.php?rest_route=%2Fwp%2Fv2%2Fcomments&post=265"}],"version-history":[{"count":3,"href":"https:\/\/gohrisch.de\/index.php?rest_route=\/wp\/v2\/pages\/265\/revisions"}],"predecessor-version":[{"id":399,"href":"https:\/\/gohrisch.de\/index.php?rest_route=\/wp\/v2\/pages\/265\/revisions\/399"}],"up":[{"embeddable":true,"href":"https:\/\/gohrisch.de\/index.php?rest_route=\/wp\/v2\/pages\/27"}],"wp:featuredmedia":[{"embeddable":true,"href":"https:\/\/gohrisch.de\/index.php?rest_route=\/wp\/v2\/media\/398"}],"wp:attachment":[{"href":"https:\/\/gohrisch.de\/index.php?rest_route=%2Fwp%2Fv2%2Fmedia&parent=265"}],"curies":[{"name":"wp","href":"https:\/\/api.w.org\/{rel}","templated":true}]}}