{"id":27,"date":"2025-06-12T10:55:56","date_gmt":"2025-06-12T10:55:56","guid":{"rendered":"https:\/\/go.ar-plan.de\/?page_id=27"},"modified":"2025-11-05T07:53:07","modified_gmt":"2025-11-05T07:53:07","slug":"tourismus","status":"publish","type":"page","link":"https:\/\/gohrisch.de\/?page_id=27","title":{"rendered":"Kultur und Tourismus"},"content":{"rendered":"<p><span style=\"font-size: 8pt;\">Foto von <a href=\"https:\/\/unsplash.com\/de\/@reddfrancisco?utm_source=unsplash&amp;utm_medium=referral&amp;utm_content=creditCopyText\">Redd Francisco<\/a> auf <\/span><a href=\"https:\/\/unsplash.com\/de\/fotos\/gruppe-von-leuten-die-konzert-beobachten-qMFSP1xYVTQ?utm_source=unsplash&amp;utm_medium=referral&amp;utm_content=creditCopyText\"><span style=\"font-size: 8pt;\">Unsplash<\/span><\/a><\/p>\n<h2 data-start=\"216\" data-end=\"244\">\u00dcbernachten &amp; Entdecken<\/h2>\n<p data-start=\"245\" data-end=\"570\">Willkommen in Ihrer Unterkunft mitten im Herzen unserer Region! Erleben Sie unvergessliche Tage, erkunden Sie Sehensw\u00fcrdigkeiten, Kultur und Natur \u2013 und lassen Sie die Abende in gem\u00fctlicher Atmosph\u00e4re ausklingen. Ob Aktivurlaub, Familienausflug oder Erholung pur: Bei uns finden Sie den perfekten Startpunkt f\u00fcr Ihre Reise.<\/p>\n","protected":false},"excerpt":{"rendered":"<p>Foto von Redd Francisco auf Unsplash \u00dcbernachten &amp; Entdecken Willkommen in Ihrer Unterkunft mitten im Herzen unserer Region! Erleben Sie unvergessliche Tage, erkunden Sie Sehensw\u00fcrdigkeiten, Kultur und Natur \u2013 und&hellip;<\/p>\n","protected":false},"author":1,"featured_media":925,"parent":0,"menu_order":0,"comment_status":"closed","ping_status":"closed","template":"","meta":{"_FSMCFIC_featured_image_caption":"","_FSMCFIC_featured_image_nocaption":"","_FSMCFIC_featured_image_hide":"","_mc_calendar":[],"footnotes":""},"class_list":["post-27","page","type-page","status-publish","has-post-thumbnail","hentry"],"_links":{"self":[{"href":"https:\/\/gohrisch.de\/index.php?rest_route=\/wp\/v2\/pages\/27","targetHints":{"allow":["GET"]}}],"collection":[{"href":"https:\/\/gohrisch.de\/index.php?rest_route=\/wp\/v2\/pages"}],"about":[{"href":"https:\/\/gohrisch.de\/index.php?rest_route=\/wp\/v2\/types\/page"}],"author":[{"embeddable":true,"href":"https:\/\/gohrisch.de\/index.php?rest_route=\/wp\/v2\/users\/1"}],"replies":[{"embeddable":true,"href":"https:\/\/gohrisch.de\/index.php?rest_route=%2Fwp%2Fv2%2Fcomments&post=27"}],"version-history":[{"count":4,"href":"https:\/\/gohrisch.de\/index.php?rest_route=\/wp\/v2\/pages\/27\/revisions"}],"predecessor-version":[{"id":926,"href":"https:\/\/gohrisch.de\/index.php?rest_route=\/wp\/v2\/pages\/27\/revisions\/926"}],"wp:featuredmedia":[{"embeddable":true,"href":"https:\/\/gohrisch.de\/index.php?rest_route=\/wp\/v2\/media\/925"}],"wp:attachment":[{"href":"https:\/\/gohrisch.de\/index.php?rest_route=%2Fwp%2Fv2%2Fmedia&parent=27"}],"curies":[{"name":"wp","href":"https:\/\/api.w.org\/{rel}","templated":true}]}}