{"id":34,"date":"2025-06-12T10:57:29","date_gmt":"2025-06-12T10:57:29","guid":{"rendered":"https:\/\/go.ar-plan.de\/?page_id=34"},"modified":"2026-04-28T10:02:13","modified_gmt":"2026-04-28T10:02:13","slug":"gastronomie","status":"publish","type":"page","link":"https:\/\/gohrisch.de\/?page_id=34","title":{"rendered":"Gastronomie"},"content":{"rendered":"<p>Eingebettet zwischen Sandsteinfelsen, W\u00e4ldern und idyllischen Wanderwegen bietet der Ort nicht nur Naturgenuss pur, sondern auch vielf\u00e4ltige kulinarische Erlebnisse.<\/p>\n<p data-start=\"402\" data-end=\"695\">Ob gem\u00fctlicher Landgasthof, traditionsreiche Gastst\u00e4tte oder Caf\u00e9 mit Blick ins Gr\u00fcne \u2013 in Gohrisch findest du f\u00fcr jeden Geschmack das passende Angebot. Von regionalen Spezialit\u00e4ten bis hin zu \u00fcberraschend vielf\u00e4ltigen K\u00fcchenrichtungen laden die Restaurants und Gasth\u00e4user zum Verweilen ein.<\/p>\n<p data-start=\"697\" data-end=\"907\">Entdecke die Gastfreundschaft der Region, genie\u00dfe s\u00e4chsische K\u00f6stlichkeiten und lass dich vom besonderen Flair dieses Ortes verzaubern \u2013 ein Erlebnis f\u00fcr Genie\u00dfer, Wanderer und alle, die das Besondere suchen.<\/p>\n<div id=\"table-group-two\">\n<div id=\"table-row-header-container\"><\/div>\n<div id=\"table-body-container\" class=\"jyrRxf-qJTHM-haAclf\" tabindex=\"-1\">\n<table id=\"table-feature-data\" class=\"jyrRxf-qbOKL\" style=\"width: 100%;\">\n<colgroup id=\"column-body-group\">\n<col class=\"\" \/>\n<col \/>\n<col \/><\/colgroup>\n<tbody id=\"table-body\">\n<tr class=\"\">\n<td class=\"null\" dir=\"auto\" style=\"width: 54.2308%;\">Restaurant QUARTIER 5<\/td>\n<td class=\"null\" dir=\"auto\" style=\"width: 44.2308%;\"><a href=\"http:\/\/www.quartier-5.de\">www.quartier-5.de<\/a><\/td>\n<\/tr>\n<tr class=\"\">\n<td class=\"null\" dir=\"auto\" style=\"width: 54.2308%;\">Katzsteinbaude<\/td>\n<td class=\"null\" dir=\"auto\" style=\"width: 44.2308%;\"><a href=\"http:\/\/www.katzsteinbaude-cunnersdorf.de\">www.katzsteinbaude-cunnersdorf.de<\/a><\/td>\n<\/tr>\n<tr class=\"\">\n<td dir=\"auto\" style=\"width: 54.2308%;\">Gastst\u00e4tte Jagdst\u00fcbel<\/td>\n<td class=\"null\" dir=\"auto\" style=\"width: 44.2308%;\"><\/td>\n<\/tr>\n<tr class=\"\">\n<td class=\"null\" dir=\"auto\" style=\"width: 54.2308%;\">Liethenm\u00fchle &#8211; Petra Woller<\/td>\n<td class=\"null\" dir=\"auto\" style=\"width: 44.2308%;\"><a href=\"http:\/\/www.liethenmuehle.de\">www.liethenmuehle.de<\/a><\/td>\n<\/tr>\n<tr class=\"\">\n<td class=\"null\" dir=\"auto\" style=\"width: 54.2308%;\">Bergwirtschaft Papststein<\/td>\n<td class=\"null\" dir=\"auto\" style=\"width: 44.2308%;\"><a href=\"http:\/\/www.berggast.de\">www.berggast.de<\/a><\/td>\n<\/tr>\n<tr class=\"\">\n<td dir=\"auto\" style=\"width: 54.2308%;\">Papstdorfer B\u00e4cker (B\u00e4ckerei Rumpelt) Inh. S.\u00d6zcan<\/td>\n<td class=\"null\" dir=\"auto\" style=\"width: 44.2308%;\"><\/td>\n<\/tr>\n<tr class=\"\">\n<td class=\"null\" dir=\"auto\" style=\"width: 54.2308%;\">Gasthof &amp; Landhotel Sennerh\u00fctte, S\u00e4chsischen Schweiz<\/td>\n<td class=\"null\" dir=\"auto\" style=\"width: 44.2308%;\"><a href=\"http:\/\/www.land-hotel-saechsische-schweiz.de\">www.land-hotel-saechsische-schweiz.de<\/a><\/td>\n<\/tr>\n<tr class=\"\">\n<td class=\"null\" dir=\"auto\" style=\"width: 54.2308%;\">Parkhotel Margaretenhof<\/td>\n<td class=\"null\" dir=\"auto\" style=\"width: 44.2308%;\"><a href=\"http:\/\/margaretenhof.de\">margaretenhof.de<\/a><\/td>\n<\/tr>\n<tr class=\"\">\n<td class=\"null\" dir=\"auto\" style=\"width: 54.2308%;\">Hotel Albrechtshof \u2013 S\u00e4chsische Schweiz<\/td>\n<td class=\"null\" dir=\"auto\" style=\"width: 44.2308%;\"><a href=\"http:\/\/www.albrechtshof.net\">www.albrechtshof.net<\/a><\/td>\n<\/tr>\n<tr class=\"\">\n<td class=\"null\" dir=\"auto\" style=\"width: 54.2308%;\">Lauermann Gohrischer B\u00e4cker<\/td>\n<td class=\"null\" dir=\"auto\" style=\"width: 44.2308%;\"><a href=\"http:\/\/www.gohrischer-baecker.de\">www.gohrischer-baecker.de<\/a><\/td>\n<\/tr>\n<tr class=\"\">\n<td dir=\"auto\" style=\"width: 54.2308%;\">Gasthaus zur M\u00fchle<\/td>\n<td class=\"null\" dir=\"auto\" style=\"width: 44.2308%;\"><\/td>\n<\/tr>\n<tr class=\"\">\n<td class=\"null\" dir=\"auto\" style=\"width: 54.2308%;\">Caravan Camping &#8222;S\u00e4chsische Schweiz&#8220;<\/td>\n<td class=\"null\" dir=\"auto\" style=\"width: 44.2308%;\"><a href=\"http:\/\/caravan-camping-saechsischeschweiz.de\">caravan-camping-saechsischeschweiz.de<\/a><\/td>\n<\/tr>\n<tr>\n<td style=\"width: 54.2308%;\">Gasthaus Vetternwirtschaft Papstdorf<\/td>\n<td style=\"width: 44.2308%;\"><a href=\"https:\/\/www.gasthaus-vetternwirtschaft.de\/\">https:\/\/www.gasthaus-vetternwirtschaft.de\/<\/a><\/td>\n<\/tr>\n<\/tbody>\n<\/table>\n<\/div>\n<\/div>\n<p>&nbsp;<\/p>\n\n<p>&nbsp;<\/p>\n","protected":false},"excerpt":{"rendered":"<p>Eingebettet zwischen Sandsteinfelsen, W\u00e4ldern und idyllischen Wanderwegen bietet der Ort nicht nur Naturgenuss pur, sondern auch vielf\u00e4ltige kulinarische Erlebnisse. Ob gem\u00fctlicher Landgasthof, traditionsreiche Gastst\u00e4tte oder Caf\u00e9 mit Blick ins Gr\u00fcne&hellip;<\/p>\n","protected":false},"author":1,"featured_media":780,"parent":27,"menu_order":0,"comment_status":"closed","ping_status":"closed","template":"","meta":{"_FSMCFIC_featured_image_caption":"","_FSMCFIC_featured_image_nocaption":"","_FSMCFIC_featured_image_hide":"","_mc_calendar":[],"footnotes":""},"class_list":["post-34","page","type-page","status-publish","has-post-thumbnail","hentry"],"_links":{"self":[{"href":"https:\/\/gohrisch.de\/index.php?rest_route=\/wp\/v2\/pages\/34","targetHints":{"allow":["GET"]}}],"collection":[{"href":"https:\/\/gohrisch.de\/index.php?rest_route=\/wp\/v2\/pages"}],"about":[{"href":"https:\/\/gohrisch.de\/index.php?rest_route=\/wp\/v2\/types\/page"}],"author":[{"embeddable":true,"href":"https:\/\/gohrisch.de\/index.php?rest_route=\/wp\/v2\/users\/1"}],"replies":[{"embeddable":true,"href":"https:\/\/gohrisch.de\/index.php?rest_route=%2Fwp%2Fv2%2Fcomments&post=34"}],"version-history":[{"count":26,"href":"https:\/\/gohrisch.de\/index.php?rest_route=\/wp\/v2\/pages\/34\/revisions"}],"predecessor-version":[{"id":1386,"href":"https:\/\/gohrisch.de\/index.php?rest_route=\/wp\/v2\/pages\/34\/revisions\/1386"}],"up":[{"embeddable":true,"href":"https:\/\/gohrisch.de\/index.php?rest_route=\/wp\/v2\/pages\/27"}],"wp:featuredmedia":[{"embeddable":true,"href":"https:\/\/gohrisch.de\/index.php?rest_route=\/wp\/v2\/media\/780"}],"wp:attachment":[{"href":"https:\/\/gohrisch.de\/index.php?rest_route=%2Fwp%2Fv2%2Fmedia&parent=34"}],"curies":[{"name":"wp","href":"https:\/\/api.w.org\/{rel}","templated":true}]}}