{"id":36,"date":"2025-06-12T10:57:56","date_gmt":"2025-06-12T10:57:56","guid":{"rendered":"https:\/\/go.ar-plan.de\/?page_id=36"},"modified":"2025-11-14T05:57:42","modified_gmt":"2025-11-14T05:57:42","slug":"uebernachtungen","status":"publish","type":"page","link":"https:\/\/gohrisch.de\/?page_id=36","title":{"rendered":"\u00dcbernachtungen"},"content":{"rendered":"<h2 data-start=\"100\" data-end=\"146\">Willkommen in Gohrisch \u2013 Ihr Zuhause auf Zeit<\/h2>\n<p data-start=\"147\" data-end=\"521\">Genie\u00dfen Sie erholsame N\u00e4chte in einer freundlichen und gem\u00fctlichen Atmosph\u00e4re. Unsere Vermieter bieten Ihnen den idealen R\u00fcckzugsort \u2013 ob f\u00fcr einen kurzen Zwischenstopp, einen Wochenendausflug oder einen l\u00e4ngeren Aufenthalt. Freuen Sie sich auf komfortable Zimmer, pers\u00f6nliche Gastfreundschaft und den perfekten Ausgangspunkt, um die Umgebung in aller Ruhe zu entdecken.<\/p>\n<p data-start=\"147\" data-end=\"521\"><a class=\"fasc-button fasc-size-large fasc-type-flat fasc-ico-before dashicons-admin-home\" style=\"background-color: #33809e; color: #ffffff;\" href=\"https:\/\/gohrisch.de\/?page_id=242\">Hotels und Pensionen<\/a><\/p>\n<p data-start=\"147\" data-end=\"521\"><a class=\"fasc-button fasc-size-large fasc-type-flat fasc-ico-before dashicons-flag\" style=\"background-color: #33809e; color: #ffffff;\" href=\"https:\/\/gohrisch.de\/?page_id=240\">Herbergen und Campingpl\u00e4tze<\/a><\/p>\n<p data-start=\"147\" data-end=\"521\"><a class=\"fasc-button fasc-size-large fasc-type-flat ico-fa fasc-ico-before fa-group\" style=\"background-color: #33809e; color: #ffffff;\" href=\"https:\/\/gohrisch.de\/?page_id=244\">Ferienwohnungen<\/a><\/p>\n","protected":false},"excerpt":{"rendered":"<p>Willkommen in Gohrisch \u2013 Ihr Zuhause auf Zeit Genie\u00dfen Sie erholsame N\u00e4chte in einer freundlichen und gem\u00fctlichen Atmosph\u00e4re. Unsere Vermieter bieten Ihnen den idealen R\u00fcckzugsort \u2013 ob f\u00fcr einen kurzen&hellip;<\/p>\n","protected":false},"author":1,"featured_media":466,"parent":27,"menu_order":0,"comment_status":"closed","ping_status":"closed","template":"","meta":{"_FSMCFIC_featured_image_caption":"","_FSMCFIC_featured_image_nocaption":"","_FSMCFIC_featured_image_hide":"","_mc_calendar":[],"footnotes":""},"class_list":["post-36","page","type-page","status-publish","has-post-thumbnail","hentry"],"_links":{"self":[{"href":"https:\/\/gohrisch.de\/index.php?rest_route=\/wp\/v2\/pages\/36","targetHints":{"allow":["GET"]}}],"collection":[{"href":"https:\/\/gohrisch.de\/index.php?rest_route=\/wp\/v2\/pages"}],"about":[{"href":"https:\/\/gohrisch.de\/index.php?rest_route=\/wp\/v2\/types\/page"}],"author":[{"embeddable":true,"href":"https:\/\/gohrisch.de\/index.php?rest_route=\/wp\/v2\/users\/1"}],"replies":[{"embeddable":true,"href":"https:\/\/gohrisch.de\/index.php?rest_route=%2Fwp%2Fv2%2Fcomments&post=36"}],"version-history":[{"count":22,"href":"https:\/\/gohrisch.de\/index.php?rest_route=\/wp\/v2\/pages\/36\/revisions"}],"predecessor-version":[{"id":986,"href":"https:\/\/gohrisch.de\/index.php?rest_route=\/wp\/v2\/pages\/36\/revisions\/986"}],"up":[{"embeddable":true,"href":"https:\/\/gohrisch.de\/index.php?rest_route=\/wp\/v2\/pages\/27"}],"wp:featuredmedia":[{"embeddable":true,"href":"https:\/\/gohrisch.de\/index.php?rest_route=\/wp\/v2\/media\/466"}],"wp:attachment":[{"href":"https:\/\/gohrisch.de\/index.php?rest_route=%2Fwp%2Fv2%2Fmedia&parent=36"}],"curies":[{"name":"wp","href":"https:\/\/api.w.org\/{rel}","templated":true}]}}