{"id":38,"date":"2025-06-12T10:58:35","date_gmt":"2025-06-12T10:58:35","guid":{"rendered":"https:\/\/go.ar-plan.de\/?page_id=38"},"modified":"2026-02-18T14:00:08","modified_gmt":"2026-02-18T14:00:08","slug":"wanderungen","status":"publish","type":"page","link":"https:\/\/gohrisch.de\/?page_id=38","title":{"rendered":"Wanderungen"},"content":{"rendered":"<h2>Wandertipps f\u00fcr Gohrisch und Umgebung<\/h2>\n<p>Ein gut markiertes Wanderwegenetz wird den unterschiedlichen Anspr\u00fcchen gerecht. Bequeme, meist ebene und mit Ruheb\u00e4nken und Rastpl\u00e4tzen versehene Wanderwege f\u00fchren zu interessanten Aussichtspunkten. Besonders erw\u00e4hnenswert sind die sieben Klimaterrainwege rund um Kurort Gohrisch. Drei Lehrpfade vermitteln Informationen \u00fcber die Natur- und Kulturlandschaft. Im Ortsteil Cunnersdorf l\u00e4dt das Waldbad zu sommerlicher Abk\u00fchlung und Entspannung ein.<\/p>\n<p>Auf Ihren Wanderungen durch die Gemeinde k\u00f6nnen Sie sich an kleinen H\u00f6hepunkten wie das Feuerwehrmuseum in Papstdorf sowie das Lapidarium in Kurort Gohrisch erfreuen.<\/p>\n<h3>Wanderziele<\/h3>\n<h4>Grenzstein \u2013 Lapidarium in Kurort Gohrisch<\/h4>\n<p>Man stolpert h\u00e4ufig \u00fcber Forstgrenzsteine und Landegrenzsteine, wei\u00df aber nie genau, was die Schwerte, Kronen und Zahlen bedeuten. In dieser Forstgrenzsteinausstellung und Landesgrenzsteinausstellung sind alle Zeichen erkl\u00e4rt und so bleiben f\u00fcr die Zukunft in dieser Hinsicht keine Fragen mehr offen. Die Ausstellung befindet sich auf dem Sandweg 43b.<\/p>\n<p><strong>Geheimtipp f\u00fcr Wanderer!<\/strong><\/p>\n<p>Die Gemeinde Gohrisch unterh\u00e4lt einen Parkplatz in Kleinhennersdorf am Ortseingang (Alter Schulweg). Er ist auch in der Saison wenig frequentiert und bietet zahlreiche M\u00f6glichkeiten zum Wandern in die Umgebung von Papstdorf und Kleinhennersdorf (Papststein mit Berggasthof, Gohrisch-Stein, Kleinhennersdorfer Stein, Kohlborn- und Lasensteine). Auf alle F\u00e4lle ist die Gegend f\u00fcr eine Wanderung mit sch\u00f6nen Aussichtspunkten gut geeignet.<\/p>\n<h4>Damm-Wildgehege<\/h4>\n<p>Das Wildgehege befindet sich zwischen Papststein und Kleinhennersdorfer Stein. Am Rande des Geheges befindet sich die kleine Holzwaldbahn &#8222;Berndi&#8220;, die \u00e4u\u00dferst beliebt bei den kleineren Besuchern ist. Die Wanderung geht links zwischen dem Gehege und dem Wald entlang. Der Wanderweg ist mit einem roten Strich markiert. Am Ende des Geheges kann man den Blick auf die Schrammsteine und den Ort Kleinhennersdorf genie\u00dfen.<\/p>\n<h4>Felssturz am Papststein<\/h4>\n<p>Vom Hans-F\u00f6rster-Weg kann man riesige Sandsteinbl\u00f6cke sehen, die bei einem Felssturz im Januar 1972 zu Tale st\u00fcrzten.<\/p>\n<h4>H\u00f6hlen am Kleinhennersdorfer Stein<\/h4>\n<p>Die gr\u00f6\u00dfte H\u00f6hle am Kleinhennersdorfer Stein ist die Lichterh\u00f6hle. Sie wurde nach bei Feiern von Bergsteigern aufgestellten Kerzen benannt. Die H\u00f6hle ist 20 m lang und 15 m breit und diente zur Sandsteingewinnung. Die benachbarte H\u00f6hle, die Sand-Hampel-H\u00f6hle, wurde nach dem K\u00f6nigsteiner Friedrich Herrmann Hempel benannt, der hier mit dem Sandabbau begonnen hatte.<\/p>\n<p><strong>gef\u00fchrte Wanderung zu den Kleinhennersdorfer H\u00f6hlen:<\/strong><br \/>\nvon Mai bis Oktober jeden Mittwoch, Treffpunkt: 10:00 Uhr am Gasthaus &#8222;Zur Hoffnung&#8220; in Papstdorf<br \/>\n(genaue Termine unter <a href=\"https:\/\/www.gohrisch.de\/kalender\/index.php\">Veranstaltungen<\/a>)<\/p>\n<h3>Kurzwanderungen rund um Gohrisch<\/h3>\n<h4>1. Rundweg<\/h4>\n<p>(leichte Route, 6 km, Gehzeit ca. 2 h, 90 fallende und steigende Meter)<\/p>\n<p>Von der Gemeindeverwaltung Gohrisch in Richtung Papstdorf bis zum Abzweig der Stra\u00dfe nach Bad Schandau. Hier rechts abbiegen in den \u00bbStillen Grund\u00ab. Nach 700 m wiederum rechts abbiegen. Am Waldrand den \u00bbJagdsteig\u00ab und anschlie\u00dfend den \u00bbK\u00f6nigsweg\u00ab entlang bis zur \u00bbPfaffendorfer Stra\u00dfe\u00ab. Diese nach links kreuzen und auf dem alten Schulweg zur \u00bbSch\u00f6nen Aussicht\u00ab mit Blick auf K\u00f6nigstein. Auf dem Rundweg zur\u00fcck nach Kurort Gohrisch, Gemeindeverwaltung.<br \/>\nDer gesamte Streckenverlauf ist mit dem gelben Punkt markiert.<\/p>\n<h4>2. Papststein Gohrisch (Fels)<\/h4>\n<p>(mittelschwere Route, 6 km, Gehzeit 2 h 15 min, 290 fallende und steigende Meter)<\/p>\n<p>Auf der Stra\u00dfe von der Gemeindeverwaltung in Richtung Bad Schandau. Am Ortsausgang die Stra\u00dfe rechts verlassend auf der \u00bbAlten und Neuen J\u00e4ke\u00ab weiter. Nach ca. 200 m, am Abzweig \u00bbJ\u00e4ke\u00ab, links halten bis zum Suppelsgrund. Diesen aufw\u00e4rts bis zum Sattel zwischen Kleinhennersdorfer Stein und Papststein wandern.<br \/>\nNun der Markierung roter Punkt folgend nach rechts auf den Papststein (452 m \u00fc. NN) hinaufsteigen (Gastst\u00e4tte). \u00dcber den Westabstieg (roter Punkt) bis zum Parkplatz am Papststein. Diesen kreuzen und auf unmarkierten Weg, vorbei am Specksteinstollen hinauf zum Gohrisch (448 m \u00fc. NN). F\u00fcr den Abstieg stehen auf der Westseite 2 M\u00f6glichkeiten zur Verf\u00fcgung: entweder der romantische, aber etwas schwierigere Weg durch die Falkenschlucht oder der leichtere Westabstieg. Beide Wege vereinen sich am Fu\u00dfe der Felsen wieder. Von hier geht es weiter treppab bis zum Muselweg. Diesen nach rechts,der Markierung gelber Strich folgend, zur\u00fcck nach Kurort Gohrisch.<\/p>\n<h4>3. Pfaffenstein<\/h4>\n<p>(mittelschwere Route, 9 km, Gehzeit ca. 3 h, 290 fallende und steigende Meter)<\/p>\n<p>Von der Gemeindeverwaltung auf der Stra\u00dfe in Richtung Pfaffendorf bis zur Kreuzung des Wanderweges \u00bbMuselweg\u00ab. Diesen nach links, der Markierung gelber Strich folgend, \u00fcber die Felder bis zum Waldrand und noch 200 m weiter bis zum Abzweig \u00bbCunnersdorfer Steig\u00ab. Diesen nach rechts abbiegen und bis zur Stra\u00dfe nach Cunnersdorf wandern. Nun auf der Markierung roter Punkt, zun\u00e4chst talw\u00e4rts, bald wieder steigend, bis zum alten Aufstieg des Pfaffensteins. Diesen hinauf zum Plateau (427 m \u00fc. NN). Von der Gastst\u00e4tte unbedingt zur S\u00fcdspitze gehen, um die Felsnadel Barbarine zu sehen. Der Abstieg erfolgt durch das steile Nadel\u00f6hr und weiter bis zum Parkplatz.. Danach die Dorfstra\u00dfe aufw\u00e4rts und nach 200 m links nach Kurort Gohrisch abbiegen.<\/p>\n<h4>4. Festung K\u00f6nigstein<\/h4>\n<p>(leichte Route, 14 km, Gehzeit ca. 4 h 40 min, 416 fallende und steigende Meter)<\/p>\n<p>Von der Gemeindeverwaltung auf der Stra\u00dfe Richtung Pfaffendorf bis zum Abzweig an der Pladerbergstra\u00dfe auf der rechten Seite. Diese entlang, immer der Markierung gelber Punkt folgend zur \u00bbSch\u00f6nen Aussicht\u00ab (Blick auf K\u00f6nigstein). Auf dem gr\u00fcnen Strich nun nach K\u00f6nigstein hinuntersteigen. Von der Postmeilens\u00e4ule auf gleicher Markierung bis zum \u00bbRei\u00dfiger Platz\u00ab. Nun auf dem blauen Strich vorbei an der ehemaligen Gastst\u00e4tte \u00bbPalmsch\u00e4nke\u00ab bis zur Festung (365 m \u00fc. NN). Der Abstieg erfolgt auf der Markierung roter Punkt bis zum \u00bbRei\u00dfiger Platz\u00ab (Abzweig gleich unterhalb der Mauer nicht verfehlen). Auf dem gelben Strich, entlang der Bahnhofstra\u00dfe, welche an ihrer h\u00f6chsten Stelle rechts verlassen wird, beginnt der Aufstieg nach Kurort Gohrisch.<\/p>\n<h4>5. Lilienstein<\/h4>\n<p>(mittelschwere Route, 13 km, Gehzeit ca. 4,5 h, 470 fallende und steigende Meter)<\/p>\n<p>Von der Gemeindeverwaltung auf der Stra\u00dfe Richtung Pfaffendorf bis zum Abzweig an der Pladerbergstra\u00dfe auf der rechten Seite. Diese entlang, immer der Markierung gelber Punkt folgend zur \u00bbSch\u00f6nen Aussicht\u00ab (Blick auf K\u00f6nigstein). Auf dem gr\u00fcnen Strich nun nach K\u00f6nigstein hinuntersteigen. Von der Postmeilens\u00e4ule auf gleicher Markierung bis zum \u00bbRei\u00dfiger Platz\u00ab. Nun auf dem blauen Strich in Richtung Elbe zur F\u00e4hre. Nach dem \u00dcbersetzen auf gleicher Markierung \u00fcber den S\u00fcdaufstieg bis zum Lilienstein. Der Abstieg erfolgt \u00fcber den Nordabstieg, welcher ebenfalls mit dem blauen Strich markiert ist. Unmittelbar am Fu\u00dfe des Liliensteins dann nach rechts abbiegen und auf unmarkiertem Weg zur\u00fcck nach K\u00f6nigstein. Nach \u00dcbersetzen mit der F\u00e4hre, den gelben Strich entlang der Bahnhofstra\u00dfe, welche an ihrer h\u00f6chsten Stelle verlassen wird, den Pladerberg entlang nach Kurort Gohrisch.<\/p>\n<p><strong>Nutzen Sie auch unsere G\u00e4stekarte mit Wanderpass!<\/strong><\/p>\n<table style=\"border-collapse: collapse; width: 100%; height: 129px;\">\n<tbody>\n<tr style=\"height: 129px;\">\n<td style=\"width: 26.3462%; height: 129px;\"><strong><img loading=\"lazy\" decoding=\"async\" class=\"bildlinks\" src=\"https:\/\/www.gohrisch.de\/tourismus\/bilder\/gaestekarte.jpg?m=1567435714&amp;\" alt=\"G\u00e4stekarte\" width=\"89\" height=\"120\" border=\"1\" \/><\/strong><\/td>\n<td style=\"width: 73.6539%; text-align: left; height: 129px;\">Wenn Sie f\u00fcnf unserer sieben Steine bezwungen haben und es mit den H\u00f6henangaben im Wanderpass belegen k\u00f6nnen, erhalten Sie in unserer Touristinformation Ihr\u00a0<strong>Wanderdiplom<\/strong>.<\/td>\n<\/tr>\n<\/tbody>\n<\/table>\n<p class=\"textnormal\"><strong>\u00a0<\/strong><\/p>\n","protected":false},"excerpt":{"rendered":"<p>Wandertipps f\u00fcr Gohrisch und Umgebung Ein gut markiertes Wanderwegenetz wird den unterschiedlichen Anspr\u00fcchen gerecht. Bequeme, meist ebene und mit Ruheb\u00e4nken und Rastpl\u00e4tzen versehene Wanderwege f\u00fchren zu interessanten Aussichtspunkten. Besonders erw\u00e4hnenswert&hellip;<\/p>\n","protected":false},"author":1,"featured_media":461,"parent":27,"menu_order":0,"comment_status":"closed","ping_status":"closed","template":"","meta":{"_FSMCFIC_featured_image_caption":"","_FSMCFIC_featured_image_nocaption":"","_FSMCFIC_featured_image_hide":"","_mc_calendar":[],"footnotes":""},"class_list":["post-38","page","type-page","status-publish","has-post-thumbnail","hentry"],"_links":{"self":[{"href":"https:\/\/gohrisch.de\/index.php?rest_route=\/wp\/v2\/pages\/38","targetHints":{"allow":["GET"]}}],"collection":[{"href":"https:\/\/gohrisch.de\/index.php?rest_route=\/wp\/v2\/pages"}],"about":[{"href":"https:\/\/gohrisch.de\/index.php?rest_route=\/wp\/v2\/types\/page"}],"author":[{"embeddable":true,"href":"https:\/\/gohrisch.de\/index.php?rest_route=\/wp\/v2\/users\/1"}],"replies":[{"embeddable":true,"href":"https:\/\/gohrisch.de\/index.php?rest_route=%2Fwp%2Fv2%2Fcomments&post=38"}],"version-history":[{"count":7,"href":"https:\/\/gohrisch.de\/index.php?rest_route=\/wp\/v2\/pages\/38\/revisions"}],"predecessor-version":[{"id":930,"href":"https:\/\/gohrisch.de\/index.php?rest_route=\/wp\/v2\/pages\/38\/revisions\/930"}],"up":[{"embeddable":true,"href":"https:\/\/gohrisch.de\/index.php?rest_route=\/wp\/v2\/pages\/27"}],"wp:featuredmedia":[{"embeddable":true,"href":"https:\/\/gohrisch.de\/index.php?rest_route=\/wp\/v2\/media\/461"}],"wp:attachment":[{"href":"https:\/\/gohrisch.de\/index.php?rest_route=%2Fwp%2Fv2%2Fmedia&parent=38"}],"curies":[{"name":"wp","href":"https:\/\/api.w.org\/{rel}","templated":true}]}}