{"id":40,"date":"2025-06-12T10:59:00","date_gmt":"2025-06-12T10:59:00","guid":{"rendered":"https:\/\/go.ar-plan.de\/?page_id=40"},"modified":"2025-10-24T08:23:34","modified_gmt":"2025-10-24T08:23:34","slug":"kalender","status":"publish","type":"page","link":"https:\/\/gohrisch.de\/?page_id=40","title":{"rendered":"Sehensw\u00fcrdigkeiten und Natur"},"content":{"rendered":"<p>Gohrisch liegt mitten in einer der sch\u00f6nsten Landschaften Deutschlands \u2013 im <strong data-start=\"76\" data-end=\"111\">Nationalpark S\u00e4chsische Schweiz<\/strong> (Sachsen), der Teil des <strong data-start=\"136\" data-end=\"160\">Elbsandsteingebirges<\/strong> ist. Gohrisch ist ein staatlich anerkannter <strong data-start=\"1903\" data-end=\"1917\">Luftkurort<\/strong> \u2013 ruhig, klein, mit Kurpark, historischen Villen und viel Natur. Es hat sich seinen urspr\u00fcnglichen Charme bewahrt und gilt als einer der ruhigeren Orte der S\u00e4chsischen Schweiz (im Gegensatz zu den touristisch \u00fcberlaufenen Bastei-Gegenden).<\/p>\n<p>Gohrisch ist ein perfekter Ausgangspunkt f\u00fcr Wanderer.<br \/>\nBeliebte Touren:<\/p>\n<p>&#8211; Gohrischstein (448 m) \u2013 kurzer, aber steiler Aufstieg mit fantastischer Aussicht.<br \/>\n&#8211; Papststein (451 m) \u2013 mit Berggastst\u00e4tte und Blick bis zur Festung K\u00f6nigstein.<br \/>\n&#8211; Pfaffenstein &amp; Barbarine \u2013 eindrucksvoller Felsen mit markanter Steins\u00e4ule.<br \/>\n&#8211; Lilienstein \u2013 das Wahrzeichen der S\u00e4chsischen Schweiz, von der Elbe aus gut sichtbar.<br \/>\n&#8211; Malerweg \u2013 einer der bekanntesten Fernwanderwege Deutschlands (durchquert Gohrisch).<\/p>\n<p>&nbsp;<\/p>\n","protected":false},"excerpt":{"rendered":"<p>Gohrisch liegt mitten in einer der sch\u00f6nsten Landschaften Deutschlands \u2013 im Nationalpark S\u00e4chsische Schweiz (Sachsen), der Teil des Elbsandsteingebirges ist. Gohrisch ist ein staatlich anerkannter Luftkurort \u2013 ruhig, klein, mit&hellip;<\/p>\n","protected":false},"author":1,"featured_media":77,"parent":0,"menu_order":0,"comment_status":"closed","ping_status":"closed","template":"","meta":{"_FSMCFIC_featured_image_caption":"","_FSMCFIC_featured_image_nocaption":"","_FSMCFIC_featured_image_hide":"","_mc_calendar":[],"footnotes":""},"class_list":["post-40","page","type-page","status-publish","has-post-thumbnail","hentry"],"_links":{"self":[{"href":"https:\/\/gohrisch.de\/index.php?rest_route=\/wp\/v2\/pages\/40","targetHints":{"allow":["GET"]}}],"collection":[{"href":"https:\/\/gohrisch.de\/index.php?rest_route=\/wp\/v2\/pages"}],"about":[{"href":"https:\/\/gohrisch.de\/index.php?rest_route=\/wp\/v2\/types\/page"}],"author":[{"embeddable":true,"href":"https:\/\/gohrisch.de\/index.php?rest_route=\/wp\/v2\/users\/1"}],"replies":[{"embeddable":true,"href":"https:\/\/gohrisch.de\/index.php?rest_route=%2Fwp%2Fv2%2Fcomments&post=40"}],"version-history":[{"count":29,"href":"https:\/\/gohrisch.de\/index.php?rest_route=\/wp\/v2\/pages\/40\/revisions"}],"predecessor-version":[{"id":492,"href":"https:\/\/gohrisch.de\/index.php?rest_route=\/wp\/v2\/pages\/40\/revisions\/492"}],"wp:featuredmedia":[{"embeddable":true,"href":"https:\/\/gohrisch.de\/index.php?rest_route=\/wp\/v2\/media\/77"}],"wp:attachment":[{"href":"https:\/\/gohrisch.de\/index.php?rest_route=%2Fwp%2Fv2%2Fmedia&parent=40"}],"curies":[{"name":"wp","href":"https:\/\/api.w.org\/{rel}","templated":true}]}}