{"id":746,"date":"2025-10-28T15:35:03","date_gmt":"2025-10-28T15:35:03","guid":{"rendered":"https:\/\/go.ar-plan.de\/?page_id=746"},"modified":"2026-02-09T11:15:51","modified_gmt":"2026-02-09T11:15:51","slug":"pesi-tury","status":"publish","type":"page","link":"https:\/\/gohrisch.de\/?page_id=746&lang=cs","title":{"rendered":"p\u011b\u0161\u00ed t\u00fary"},"content":{"rendered":"<p><strong>Tipy na v\u00fdlety do Gohrischu a okol\u00ed<\/strong><\/p>\n<p>Dob\u0159e zna\u010den\u00e1 s\u00ed\u0165 turistick\u00fdch stezek uspokoj\u00ed nejr\u016fzn\u011bj\u0161\u00ed po\u017eadavky. Pohodln\u00e9, v\u011bt\u0161inou rovn\u00e9 turistick\u00e9 stezky s lavi\u010dkami a odpo\u010d\u00edvadly vedou k zaj\u00edmav\u00fdm vyhl\u00eddk\u00e1m. Za zm\u00ednku stoj\u00ed zejm\u00e9na sedm klimatick\u00fdch stezek kolem l\u00e1ze\u0148sk\u00e9ho m\u011bsta Gohrisch. T\u0159i nau\u010dn\u00e9 stezky poskytuj\u00ed informace o p\u0159\u00edrod\u011b a kulturn\u00ed krajin\u011b. V \u010d\u00e1sti Cunnersdorf l\u00e1k\u00e1 lesn\u00ed koupali\u0161t\u011b k letn\u00edmu osv\u011b\u017een\u00ed a relaxaci.<\/p>\n<p>P\u0159i sv\u00fdch t\u00far\u00e1ch po obci se m\u016f\u017eete t\u011b\u0161it na mal\u00e9 zaj\u00edmavosti, jako je hasi\u010dsk\u00e9 muzeum v Papstdorfu nebo lapid\u00e1rium v l\u00e1ze\u0148sk\u00e9m m\u011bst\u011b Gohrisch.<br \/>\nC\u00edle t\u00far<br \/>\nHrani\u010dn\u00ed k\u00e1men \u2013 lapid\u00e1rium v l\u00e1ze\u0148sk\u00e9m m\u011bst\u011b Gohrisch<\/p>\n<p>\u010casto naraz\u00edte na lesn\u00ed hrani\u010dn\u00ed kameny a pozemkov\u00e9 hrani\u010dn\u00ed kameny, ale nikdy p\u0159esn\u011b nev\u00edte, co znamenaj\u00ed me\u010de, koruny a \u010d\u00edsla. V t\u00e9to v\u00fdstav\u011b lesn\u00edch hrani\u010dn\u00edch kamen\u016f a pozemkov\u00fdch hrani\u010dn\u00edch kamen\u016f jsou vysv\u011btleny v\u0161echny znaky, tak\u017ee v tomto ohledu ji\u017e nebudou v budoucnu \u017e\u00e1dn\u00e9 ot\u00e1zky. V\u00fdstava se nach\u00e1z\u00ed na adrese Sandweg 43b.<\/p>\n<p><strong>Tajn\u00fd tip pro turisty!<\/strong><\/p>\n<p>Obec Gohrisch provozuje parkovi\u0161t\u011b v Kleinhennersdorfu u vjezdu do obce (Alter Schulweg). I v sez\u00f3n\u011b je m\u00e1lo frekventovan\u00e9 a nab\u00edz\u00ed \u010detn\u00e9 mo\u017enosti pro p\u011b\u0161\u00ed turistiku v okol\u00ed Papstdorfu a Kleinhennersdorfu (Papststein s horskou chatou, Gohrisch-Stein, Kleinhennersdorfer Stein, Kohlborn- a Lasensteine). Oblast je v ka\u017ed\u00e9m p\u0159\u00edpad\u011b vhodn\u00e1 pro p\u011b\u0161\u00ed turistiku s kr\u00e1sn\u00fdmi vyhl\u00eddkami.<br \/>\nDamm-Wildgehege<\/p>\n<p>Zv\u011b\u0159inec se nach\u00e1z\u00ed mezi Papststeinem a Kleinhennersdorfer Stein. Na okraji zv\u011b\u0159ince se nach\u00e1z\u00ed mal\u00e1 d\u0159ev\u011bn\u00e1 lesn\u00ed dr\u00e1ha \u201eBerndi\u201c, kter\u00e1 je velmi obl\u00edben\u00e1 u men\u0161\u00edch n\u00e1v\u0161t\u011bvn\u00edk\u016f. Trasa vede vlevo mezi zv\u011b\u0159incem a lesem. Turistick\u00e1 stezka je zna\u010dena \u010dervenou \u010darou. Na konci obory si m\u016f\u017eete vychutnat v\u00fdhled na Schrammsteine a obec Kleinhennersdorf.<br \/>\nSesuv skal na Papststein<\/p>\n<p>Z Hans-F\u00f6rster-Weg lze vid\u011bt obrovsk\u00e9 p\u00edskovcov\u00e9 bloky, kter\u00e9 se v lednu 1972 z\u0159\u00edtily do \u00fadol\u00ed.<br \/>\nJeskyn\u011b u Kleinhennersdorfer Stein<\/p>\n<p>Nejv\u011bt\u0161\u00ed jeskyn\u00ed u Kleinhennersdorfer Stein je Lichterh\u00f6hle. Byla pojmenov\u00e1na podle sv\u00ed\u010dek, kter\u00e9 zde zapalovali horolezci p\u0159i oslav\u00e1ch. Jeskyn\u011b je 20 m dlouh\u00e1 a 15 m \u0161irok\u00e1 a slou\u017eila k t\u011b\u017eb\u011b p\u00edskovce. Sousedn\u00ed jeskyn\u011b, Sand-Hampel-H\u00f6hle, byla pojmenov\u00e1na po Friedrichu Herrmannu Hempelovi z K\u00f6nigsteinu, kter\u00fd zde zah\u00e1jil t\u011b\u017ebu p\u00edsku.<\/p>\n<p>Prohl\u00eddka jeskyn\u00ed Kleinhennersdorf s pr\u016fvodcem:<br \/>\nod kv\u011btna do \u0159\u00edjna ka\u017edou st\u0159edu, sraz: 10:00 hodin u hostince \u201eZur Hoffnung\u201c v Papstdorfu<br \/>\n(p\u0159esn\u00e9 term\u00edny najdete v sekci Akce)<br \/>\nKr\u00e1tk\u00e9 t\u00fary kolem Gohrischu<\/p>\n<p><strong>1. Okru\u017en\u00ed trasa<\/strong><\/p>\n<p>(lehk\u00e1 trasa, 6 km, doba ch\u016fze cca 2 hodiny, 90 metr\u016f kles\u00e1n\u00ed a stoup\u00e1n\u00ed)<\/p>\n<p>Od obecn\u00edho \u00fa\u0159adu Gohrisch sm\u011brem na Papstdorf a\u017e k odbo\u010dce na silnici do Bad Schandau. Zde odbo\u010dte doprava do \u201eStillen Grund\u201c. Po 700 m odbo\u010dte op\u011bt doprava. Na okraji lesa pokra\u010dujte po \u201eJagdsteig\u201c a pot\u00e9 po \u201eK\u00f6nigsweg\u201c a\u017e k \u201ePfaffendorfer Stra\u00dfe\u201c. Tuto ulici p\u0159ejd\u011bte doleva a po star\u00e9 \u0161koln\u00ed cest\u011b dojd\u011bte k \u201eSch\u00f6nen Aussicht\u201c s v\u00fdhledem na K\u00f6nigstein. Po okru\u017en\u00ed stezce se vra\u0165te zp\u011bt do l\u00e1ze\u0148sk\u00e9ho m\u011bsta Gohrisch, obecn\u00ed \u00fa\u0159ad.<br \/>\nCel\u00e1 trasa je zna\u010dena \u017elut\u00fdmi te\u010dkami.<\/p>\n<p><strong>2. Papststein Gohrisch (sk\u00e1la)<\/strong><\/p>\n<p>(st\u0159edn\u011b n\u00e1ro\u010dn\u00e1 trasa, 6 km, doba ch\u016fze 2 h 15 min, 290 metr\u016f kles\u00e1n\u00ed a stoup\u00e1n\u00ed)<\/p>\n<p>Po silnici od obecn\u00edho \u00fa\u0159adu sm\u011brem na Bad Schandau. Na konci obce odbo\u010dte doprava a pokra\u010dujte po \u201eAlte und Neue J\u00e4ke\u201c. Po cca 200 m, na odbo\u010dce \u201eJ\u00e4ke\u201c, dr\u017ete se vlevo a\u017e k Suppelsgrundu. Po t\u00e9to cest\u011b stoupejte a\u017e k sedlu mezi Kleinhennersdorfer Stein a Papststein.<br \/>\nNyn\u00ed se dr\u017ete zna\u010dky \u010derven\u00e9ho bodu a stoupejte doprava na Papststein (452 m n. m.) (restaurace). Po z\u00e1padn\u00edm sestupu (\u010derven\u00fd bod) dojdete k parkovi\u0161ti u Papststeinu. P\u0159ejd\u011bte ho a pokra\u010dujte po nezna\u010den\u00e9 stezce kolem Specksteinstollen nahoru na Gohrisch (448 m n. m.). Pro sestup jsou na z\u00e1padn\u00ed stran\u011b k dispozici 2 mo\u017enosti: bu\u010f romantick\u00e1, ale pon\u011bkud obt\u00ed\u017en\u011bj\u0161\u00ed cesta p\u0159es Falkenschlucht, nebo snaz\u0161\u00ed z\u00e1padn\u00ed sestup. Ob\u011b cesty se op\u011bt spojuj\u00ed na \u00fapat\u00ed skal. Odtud pokra\u010dujte po schodech dol\u016f k Muselweg. Po t\u00e9to cest\u011b pokra\u010dujte doprava a podle zna\u010dky \u017elut\u00e1 \u010d\u00e1ra se vra\u0165te zp\u011bt do l\u00e1ze\u0148sk\u00e9ho m\u011bsta Gohrisch.<\/p>\n<p><strong>3. Pfaffenstein<\/strong><\/p>\n<p>(st\u0159edn\u011b n\u00e1ro\u010dn\u00e1 trasa, 9 km, doba ch\u016fze cca 3 hodiny, 290 metr\u016f p\u0159ev\u00fd\u0161en\u00ed)<\/p>\n<p>Od obecn\u00edho \u00fa\u0159adu po silnici sm\u011brem na Pfaffendorf a\u017e ke k\u0159i\u017eovatce turistick\u00e9 stezky \u201eMuselweg\u201c. Odbo\u010dte vlevo, sledujte \u017elut\u00e9 zna\u010den\u00ed, p\u0159es pole a\u017e k okraji lesa a je\u0161t\u011b 200 m d\u00e1le k odbo\u010dce \u201eCunnersdorfer Steig\u201c. Odbo\u010dte doprava a pokra\u010dujte a\u017e k silnici do Cunnersdorfu. Nyn\u00ed sledujte \u010derven\u00e9 zna\u010den\u00ed, nejprve dol\u016f do \u00fadol\u00ed, brzy op\u011bt nahoru, a\u017e ke star\u00e9mu v\u00fdstupu na Pfaffenstein. Po n\u011bm vystoupejte na n\u00e1horn\u00ed plo\u0161inu (427 m n. m.). Z restaurace se rozhodn\u011b vydejte na ji\u017en\u00ed c\u00edp, abyste vid\u011bli skaln\u00ed jehlu Barbarine. Sestup vede strm\u00fdm \u00fazk\u00fdm pr\u016fchodem a d\u00e1le k parkovi\u0161ti. Pot\u00e9 jd\u011bte nahoru po vesnick\u00e9 silnici a po 200 m odbo\u010dte vlevo do l\u00e1ze\u0148sk\u00e9ho m\u011bsta Gohrisch.<\/p>\n<p><strong>4. Pevnost K\u00f6nigstein<\/strong><\/p>\n<p>(lehk\u00e1 trasa, 14 km, doba ch\u016fze cca 4 h 40 min, 416 metr\u016f kles\u00e1n\u00ed a stoup\u00e1n\u00ed)<\/p>\n<p>Od obecn\u00edho \u00fa\u0159adu po silnici sm\u011brem na Pfaffendorf a\u017e k odbo\u010dce na Pladerbergstra\u00dfe na prav\u00e9 stran\u011b. Po t\u00e9to silnici pokra\u010dujte pod\u00e9l \u017elut\u00fdch zna\u010dek a\u017e k \u201eSch\u00f6nen Aussicht\u201c (v\u00fdhled na K\u00f6nigstein). Po zelen\u00e9 zna\u010dce sestupte dol\u016f do K\u00f6nigsteinu. Od po\u0161tovn\u00edho sloupu pokra\u010dujte po stejn\u00e9 zna\u010dce a\u017e k \u201eRei\u00dfiger Platz\u201c. Nyn\u00ed po modr\u00e9 zna\u010dce minete b\u00fdvalou restauraci \u201ePalmsch\u00e4nke\u201c a\u017e k pevnosti (365 m n. m.). Sestupujte po zna\u010dce \u010derven\u00fd bod a\u017e k \u201eRei\u00dfiger Platz\u201c (nezme\u0161kejte odbo\u010dku t\u011bsn\u011b pod zd\u00ed). Po \u017elut\u00e9 zna\u010dce pod\u00e9l Bahnhofstra\u00dfe, kterou opust\u00edte na jej\u00edm nejvy\u0161\u0161\u00edm m\u00edst\u011b vpravo, za\u010d\u00edn\u00e1 v\u00fdstup do l\u00e1ze\u0148sk\u00e9ho m\u011bsta Gohrisch.<\/p>\n<p><strong>5. Lilienstein<\/strong><\/p>\n<p>(st\u0159edn\u011b n\u00e1ro\u010dn\u00e1 trasa, 13 km, doba ch\u016fze cca 4,5 h, 470 metr\u016f p\u0159ev\u00fd\u0161en\u00ed)<\/p>\n<p>Od obecn\u00edho \u00fa\u0159adu po silnici sm\u011brem na Pfaffendorf a\u017e k odbo\u010dce na Pladerbergstra\u00dfe na prav\u00e9 stran\u011b. Po t\u00e9to silnici pokra\u010dujte podle \u017elut\u00fdch zna\u010dek k \u201eSch\u00f6nen Aussicht\u201c (v\u00fdhled na K\u00f6nigstein). Po zelen\u00e9 zna\u010dce sestupte dol\u016f do K\u00f6nigsteinu. Od po\u0161tovn\u00edho sloupu pokra\u010dujte po stejn\u00e9 zna\u010dce a\u017e k \u201eRei\u00dfiger Platz\u201c. Nyn\u00ed po modr\u00e9 zna\u010dce sm\u011brem k Labi k p\u0159\u00edvozu. Po p\u0159eplaven\u00ed pokra\u010dujte po stejn\u00e9 zna\u010dce p\u0159es ji\u017en\u00ed v\u00fdstup a\u017e k Liliensteinu. Sestup vede po severn\u00edm sestupu, kter\u00fd je tak\u00e9 zna\u010den modrou \u010darou. P\u0159\u00edmo na \u00fapat\u00ed Liliensteinu odbo\u010dte doprava a po nezna\u010den\u00e9 cest\u011b se vra\u0165te zp\u011bt do K\u00f6nigsteinu. Po p\u0159eplaven\u00ed trajektem pokra\u010dujte po \u017elut\u00e9 \u010d\u00e1\u0159e pod\u00e9l Bahnhofstra\u00dfe, kterou opust\u00edte v nejvy\u0161\u0161\u00edm bod\u011b, a pod\u00e9l Pladerbergu do l\u00e1ze\u0148sk\u00e9ho m\u011bsta Gohrisch.<\/p>\n","protected":false},"excerpt":{"rendered":"<p>Tipy na v\u00fdlety do Gohrischu a okol\u00ed Dob\u0159e zna\u010den\u00e1 s\u00ed\u0165 turistick\u00fdch stezek uspokoj\u00ed nejr\u016fzn\u011bj\u0161\u00ed po\u017eadavky. Pohodln\u00e9, v\u011bt\u0161inou rovn\u00e9 turistick\u00e9 stezky s lavi\u010dkami a odpo\u010d\u00edvadly vedou k zaj\u00edmav\u00fdm vyhl\u00eddk\u00e1m. Za zm\u00ednku&hellip;<\/p>\n","protected":false},"author":1,"featured_media":972,"parent":691,"menu_order":0,"comment_status":"closed","ping_status":"closed","template":"","meta":{"_FSMCFIC_featured_image_caption":"","_FSMCFIC_featured_image_nocaption":"","_FSMCFIC_featured_image_hide":"","_mc_calendar":[],"footnotes":""},"class_list":["post-746","page","type-page","status-publish","has-post-thumbnail","hentry"],"_links":{"self":[{"href":"https:\/\/gohrisch.de\/index.php?rest_route=\/wp\/v2\/pages\/746","targetHints":{"allow":["GET"]}}],"collection":[{"href":"https:\/\/gohrisch.de\/index.php?rest_route=\/wp\/v2\/pages"}],"about":[{"href":"https:\/\/gohrisch.de\/index.php?rest_route=\/wp\/v2\/types\/page"}],"author":[{"embeddable":true,"href":"https:\/\/gohrisch.de\/index.php?rest_route=\/wp\/v2\/users\/1"}],"replies":[{"embeddable":true,"href":"https:\/\/gohrisch.de\/index.php?rest_route=%2Fwp%2Fv2%2Fcomments&post=746"}],"version-history":[{"count":4,"href":"https:\/\/gohrisch.de\/index.php?rest_route=\/wp\/v2\/pages\/746\/revisions"}],"predecessor-version":[{"id":750,"href":"https:\/\/gohrisch.de\/index.php?rest_route=\/wp\/v2\/pages\/746\/revisions\/750"}],"up":[{"embeddable":true,"href":"https:\/\/gohrisch.de\/index.php?rest_route=\/wp\/v2\/pages\/691"}],"wp:featuredmedia":[{"embeddable":true,"href":"https:\/\/gohrisch.de\/index.php?rest_route=\/wp\/v2\/media\/972"}],"wp:attachment":[{"href":"https:\/\/gohrisch.de\/index.php?rest_route=%2Fwp%2Fv2%2Fmedia&parent=746"}],"curies":[{"name":"wp","href":"https:\/\/api.w.org\/{rel}","templated":true}]}}