{"id":867,"date":"2025-10-30T11:04:50","date_gmt":"2025-10-30T11:04:50","guid":{"rendered":"https:\/\/go.ar-plan.de\/?page_id=867"},"modified":"2026-03-18T09:39:57","modified_gmt":"2026-03-18T09:39:57","slug":"gastronomie","status":"publish","type":"page","link":"https:\/\/gohrisch.de\/?page_id=867&lang=cs","title":{"rendered":"gastronomie"},"content":{"rendered":"<div id=\"table-group-one\">\n<div id=\"table-header-container\">\n<p>M\u00edsto, obklopen\u00e9 p\u00edskovcov\u00fdmi skalami, lesy a idylick\u00fdmi turistick\u00fdmi stezkami, nab\u00edz\u00ed nejen \u010dist\u00fd po\u017eitek z p\u0159\u00edrody, ale tak\u00e9 rozmanit\u00e9 kulin\u00e1\u0159sk\u00e9 z\u00e1\u017eitky.<\/p>\n<p>A\u0165 u\u017e jde o \u00fatuln\u00fd venkovsk\u00fd hostinec, tradi\u010dn\u00ed restauraci nebo kav\u00e1rnu s v\u00fdhledem do zelen\u011b \u2013 v Gohrischu najde\u0161 nab\u00eddku pro ka\u017ed\u00fd vkus. Od region\u00e1ln\u00edch specialit a\u017e po p\u0159ekvapiv\u011b rozmanit\u00e9 kuchyn\u011b \u2013 restaurace a hostince v\u00e1s zvou k posezen\u00ed.<\/p>\n<p>Objevte pohostinnost regionu, vychutnejte si sask\u00e9 delikatesy a nechte se okouzlit zvl\u00e1\u0161tn\u00ed atmosf\u00e9rou tohoto m\u00edsta \u2013 z\u00e1\u017eitek pro gurm\u00e1ny, turisty a v\u0161echny, kte\u0159\u00ed hledaj\u00ed n\u011bco v\u00fdjime\u010dn\u00e9ho.<\/p>\n<\/div>\n<\/div>\n<div id=\"table-group-two\">\n<div id=\"table-body-container\" class=\"jyrRxf-qJTHM-haAclf\" tabindex=\"-1\">\n<table id=\"table-feature-data\" class=\"jyrRxf-qbOKL\">\n<colgroup id=\"column-body-group\">\n<col class=\"\" \/>\n<col \/>\n<col \/><\/colgroup>\n<tbody id=\"table-body\">\n<tr class=\"\">\n<td class=\"null\" dir=\"auto\">Restaurant QUARTIER 5<\/td>\n<td class=\"null\" dir=\"auto\">www.quartier-5.de<\/td>\n<\/tr>\n<tr class=\"\">\n<td class=\"null\" dir=\"auto\">Katzsteinbaude<\/td>\n<td class=\"null\" dir=\"auto\">www.katzsteinbaude-cunnersdorf.de<\/td>\n<\/tr>\n<tr class=\"\">\n<td dir=\"auto\">Gastst\u00e4tte Jagdst\u00fcbel<\/td>\n<td class=\"null\" dir=\"auto\"><\/td>\n<\/tr>\n<tr class=\"\">\n<td class=\"null\" dir=\"auto\">Liethenm\u00fchle &#8211; Petra Woller<\/td>\n<td class=\"null\" dir=\"auto\">www.liethenmuehle.de<\/td>\n<\/tr>\n<tr class=\"\">\n<td class=\"null\" dir=\"auto\">Bergwirtschaft Papststein<\/td>\n<td class=\"null\" dir=\"auto\">www.berggast.de<\/td>\n<\/tr>\n<tr class=\"\">\n<td dir=\"auto\">Papstdorfer B\u00e4cker (B\u00e4ckerei Rumpelt) Inh. S.\u00d6zcan<\/td>\n<td class=\"null\" dir=\"auto\"><\/td>\n<\/tr>\n<tr class=\"\">\n<td class=\"null\" dir=\"auto\">Gasthof &amp; Landhotel Sennerh\u00fctte, S\u00e4chsischen Schweiz<\/td>\n<td class=\"null\" dir=\"auto\">www.land-hotel-saechsische-schweiz.de<\/td>\n<\/tr>\n<tr class=\"\">\n<td class=\"null\" dir=\"auto\">Parkhotel Margaretenhof<\/td>\n<td class=\"null\" dir=\"auto\">margaretenhof.de<\/td>\n<\/tr>\n<tr class=\"\">\n<td class=\"null\" dir=\"auto\">Hotel Albrechtshof \u2013 S\u00e4chsische Schweiz<\/td>\n<td class=\"null\" dir=\"auto\">www.albrechtshof.net<\/td>\n<\/tr>\n<tr class=\"\">\n<td class=\"null\" dir=\"auto\">Lauermann Gohrischer B\u00e4cker<\/td>\n<td class=\"null\" dir=\"auto\">www.gohrischer-baecker.de<\/td>\n<\/tr>\n<tr class=\"\">\n<td dir=\"auto\">Gasthaus zur M\u00fchle<\/td>\n<td class=\"null\" dir=\"auto\"><\/td>\n<\/tr>\n<tr class=\"\">\n<td class=\"null\" dir=\"auto\">Caravan Camping &#8222;S\u00e4chsische Schweiz&#8220;<\/td>\n<td class=\"null\" dir=\"auto\">caravan-camping-saechsischeschweiz.de<\/td>\n<\/tr>\n<tr>\n<td>Gasthaus Vetternwirtschaft Papstdorf<\/td>\n<td><\/td>\n<\/tr>\n<\/tbody>\n<\/table>\n\n<\/div>\n<\/div>\n<p>&nbsp;<\/p>\n","protected":false},"excerpt":{"rendered":"<p>M\u00edsto, obklopen\u00e9 p\u00edskovcov\u00fdmi skalami, lesy a idylick\u00fdmi turistick\u00fdmi stezkami, nab\u00edz\u00ed nejen \u010dist\u00fd po\u017eitek z p\u0159\u00edrody, ale tak\u00e9 rozmanit\u00e9 kulin\u00e1\u0159sk\u00e9 z\u00e1\u017eitky. A\u0165 u\u017e jde o \u00fatuln\u00fd venkovsk\u00fd hostinec, tradi\u010dn\u00ed restauraci nebo&hellip;<\/p>\n","protected":false},"author":1,"featured_media":780,"parent":691,"menu_order":0,"comment_status":"closed","ping_status":"closed","template":"","meta":{"_FSMCFIC_featured_image_caption":"","_FSMCFIC_featured_image_nocaption":"","_FSMCFIC_featured_image_hide":"","_mc_calendar":[],"footnotes":""},"class_list":["post-867","page","type-page","status-publish","has-post-thumbnail","hentry"],"_links":{"self":[{"href":"https:\/\/gohrisch.de\/index.php?rest_route=\/wp\/v2\/pages\/867","targetHints":{"allow":["GET"]}}],"collection":[{"href":"https:\/\/gohrisch.de\/index.php?rest_route=\/wp\/v2\/pages"}],"about":[{"href":"https:\/\/gohrisch.de\/index.php?rest_route=\/wp\/v2\/types\/page"}],"author":[{"embeddable":true,"href":"https:\/\/gohrisch.de\/index.php?rest_route=\/wp\/v2\/users\/1"}],"replies":[{"embeddable":true,"href":"https:\/\/gohrisch.de\/index.php?rest_route=%2Fwp%2Fv2%2Fcomments&post=867"}],"version-history":[{"count":5,"href":"https:\/\/gohrisch.de\/index.php?rest_route=\/wp\/v2\/pages\/867\/revisions"}],"predecessor-version":[{"id":1343,"href":"https:\/\/gohrisch.de\/index.php?rest_route=\/wp\/v2\/pages\/867\/revisions\/1343"}],"up":[{"embeddable":true,"href":"https:\/\/gohrisch.de\/index.php?rest_route=\/wp\/v2\/pages\/691"}],"wp:featuredmedia":[{"embeddable":true,"href":"https:\/\/gohrisch.de\/index.php?rest_route=\/wp\/v2\/media\/780"}],"wp:attachment":[{"href":"https:\/\/gohrisch.de\/index.php?rest_route=%2Fwp%2Fv2%2Fmedia&parent=867"}],"curies":[{"name":"wp","href":"https:\/\/api.w.org\/{rel}","templated":true}]}}