{"id":869,"date":"2025-10-30T11:05:07","date_gmt":"2025-10-30T11:05:07","guid":{"rendered":"https:\/\/go.ar-plan.de\/?page_id=869"},"modified":"2026-03-18T09:40:32","modified_gmt":"2026-03-18T09:40:32","slug":"catering","status":"publish","type":"page","link":"https:\/\/gohrisch.de\/?page_id=869&lang=en","title":{"rendered":"catering"},"content":{"rendered":"<p>Nestled between sandstone cliffs, forests, and idyllic hiking trails, the village offers not only pure enjoyment of nature, but also a variety of culinary experiences.<\/p>\n<p>Whether you&#8217;re looking for a cozy country inn, a traditional restaurant, or a caf\u00e9 with a view of the countryside, Gohrisch has something to suit every taste. From regional specialties to surprisingly diverse cuisines, the restaurants and inns invite you to linger.<\/p>\n<p>Discover the hospitality of the region, enjoy Saxon delicacies, and let yourself be enchanted by the special flair of this place\u2014an experience for connoisseurs, hikers, and anyone looking for something special.<\/p>\n<div id=\"table-group-two\">\n<div id=\"table-body-container\" class=\"jyrRxf-qJTHM-haAclf\" tabindex=\"-1\">\n<table id=\"table-feature-data\" class=\"jyrRxf-qbOKL\">\n<colgroup id=\"column-body-group\">\n<col class=\"\" \/>\n<col \/>\n<col \/><\/colgroup>\n<tbody id=\"table-body\">\n<tr class=\"\">\n<td class=\"null\" dir=\"auto\">Restaurant QUARTIER 5<\/td>\n<td class=\"null\" dir=\"auto\">www.quartier-5.de<\/td>\n<\/tr>\n<tr class=\"\">\n<td class=\"null\" dir=\"auto\">Katzsteinbaude<\/td>\n<td class=\"null\" dir=\"auto\">www.katzsteinbaude-cunnersdorf.de<\/td>\n<\/tr>\n<tr class=\"\">\n<td dir=\"auto\">Gastst\u00e4tte Jagdst\u00fcbel<\/td>\n<td class=\"null\" dir=\"auto\"><\/td>\n<\/tr>\n<tr class=\"\">\n<td class=\"null\" dir=\"auto\">Liethenm\u00fchle &#8211; Petra Woller<\/td>\n<td class=\"null\" dir=\"auto\">www.liethenmuehle.de<\/td>\n<\/tr>\n<tr class=\"\">\n<td class=\"null\" dir=\"auto\">Bergwirtschaft Papststein<\/td>\n<td class=\"null\" dir=\"auto\">www.berggast.de<\/td>\n<\/tr>\n<tr class=\"\">\n<td dir=\"auto\">Papstdorfer B\u00e4cker (B\u00e4ckerei Rumpelt) Inh. S.\u00d6zcan<\/td>\n<td class=\"null\" dir=\"auto\"><\/td>\n<\/tr>\n<tr class=\"\">\n<td class=\"null\" dir=\"auto\">Gasthof &amp; Landhotel Sennerh\u00fctte, S\u00e4chsischen Schweiz<\/td>\n<td class=\"null\" dir=\"auto\">www.land-hotel-saechsische-schweiz.de<\/td>\n<\/tr>\n<tr class=\"\">\n<td class=\"null\" dir=\"auto\">Parkhotel Margaretenhof<\/td>\n<td class=\"null\" dir=\"auto\">margaretenhof.de<\/td>\n<\/tr>\n<tr class=\"\">\n<td class=\"null\" dir=\"auto\">Hotel Albrechtshof \u2013 S\u00e4chsische Schweiz<\/td>\n<td class=\"null\" dir=\"auto\">www.albrechtshof.net<\/td>\n<\/tr>\n<tr class=\"\">\n<td class=\"null\" dir=\"auto\">Lauermann Gohrischer B\u00e4cker<\/td>\n<td class=\"null\" dir=\"auto\">www.gohrischer-baecker.de<\/td>\n<\/tr>\n<tr class=\"\">\n<td dir=\"auto\">Gasthaus zur M\u00fchle<\/td>\n<td class=\"null\" dir=\"auto\"><\/td>\n<\/tr>\n<tr class=\"\">\n<td class=\"null\" dir=\"auto\">Caravan Camping &#8222;S\u00e4chsische Schweiz&#8220;<\/td>\n<td class=\"null\" dir=\"auto\">caravan-camping-saechsischeschweiz.de<\/td>\n<\/tr>\n<tr>\n<td>Gasthaus Vetternwirtschaft Papstdorf<\/td>\n<td><\/td>\n<\/tr>\n<\/tbody>\n<\/table>\n\n<p>&nbsp;<\/p>\n<\/div>\n<\/div>\n<p>&nbsp;<\/p>\n","protected":false},"excerpt":{"rendered":"<p>Nestled between sandstone cliffs, forests, and idyllic hiking trails, the village offers not only pure enjoyment of nature, but also a variety of culinary experiences. Whether you&#8217;re looking for a&hellip;<\/p>\n","protected":false},"author":1,"featured_media":780,"parent":702,"menu_order":0,"comment_status":"closed","ping_status":"closed","template":"","meta":{"_FSMCFIC_featured_image_caption":"","_FSMCFIC_featured_image_nocaption":"","_FSMCFIC_featured_image_hide":"","_mc_calendar":[],"footnotes":""},"class_list":["post-869","page","type-page","status-publish","has-post-thumbnail","hentry"],"_links":{"self":[{"href":"https:\/\/gohrisch.de\/index.php?rest_route=\/wp\/v2\/pages\/869","targetHints":{"allow":["GET"]}}],"collection":[{"href":"https:\/\/gohrisch.de\/index.php?rest_route=\/wp\/v2\/pages"}],"about":[{"href":"https:\/\/gohrisch.de\/index.php?rest_route=\/wp\/v2\/types\/page"}],"author":[{"embeddable":true,"href":"https:\/\/gohrisch.de\/index.php?rest_route=\/wp\/v2\/users\/1"}],"replies":[{"embeddable":true,"href":"https:\/\/gohrisch.de\/index.php?rest_route=%2Fwp%2Fv2%2Fcomments&post=869"}],"version-history":[{"count":6,"href":"https:\/\/gohrisch.de\/index.php?rest_route=\/wp\/v2\/pages\/869\/revisions"}],"predecessor-version":[{"id":1344,"href":"https:\/\/gohrisch.de\/index.php?rest_route=\/wp\/v2\/pages\/869\/revisions\/1344"}],"up":[{"embeddable":true,"href":"https:\/\/gohrisch.de\/index.php?rest_route=\/wp\/v2\/pages\/702"}],"wp:featuredmedia":[{"embeddable":true,"href":"https:\/\/gohrisch.de\/index.php?rest_route=\/wp\/v2\/media\/780"}],"wp:attachment":[{"href":"https:\/\/gohrisch.de\/index.php?rest_route=%2Fwp%2Fv2%2Fmedia&parent=869"}],"curies":[{"name":"wp","href":"https:\/\/api.w.org\/{rel}","templated":true}]}}