{"id":874,"date":"2025-10-30T11:09:06","date_gmt":"2025-10-30T11:09:06","guid":{"rendered":"https:\/\/go.ar-plan.de\/?page_id=874"},"modified":"2026-03-05T10:21:36","modified_gmt":"2026-03-05T10:21:36","slug":"lekari","status":"publish","type":"page","link":"https:\/\/gohrisch.de\/?page_id=874&lang=cs","title":{"rendered":"l\u00e9ka\u0159i"},"content":{"rendered":"<p class=\"DUwDvf lfPIob\">Praxe v\u0161eobecn\u00e9ho l\u00e9ka\u0159stv\u00ed Tobias Clau\u00df <a href=\"https:\/\/www.praxis-clauss.de\/\">https:\/\/www.praxis-clauss.de\/ <\/a><\/p>\n<p class=\"DUwDvf lfPIob\">Zubn\u00ed ordinace Angela Kratzer <a href=\"https:\/\/zahnaerztin-kratzer.de\/\">https:\/\/zahnaerztin-kratzer.de\/<\/a><\/p>\n\n","protected":false},"excerpt":{"rendered":"<p>Praxe v\u0161eobecn\u00e9ho l\u00e9ka\u0159stv\u00ed Tobias Clau\u00df https:\/\/www.praxis-clauss.de\/ Zubn\u00ed ordinace Angela Kratzer https:\/\/zahnaerztin-kratzer.de\/<\/p>\n","protected":false},"author":1,"featured_media":430,"parent":710,"menu_order":0,"comment_status":"closed","ping_status":"closed","template":"","meta":{"_FSMCFIC_featured_image_caption":"","_FSMCFIC_featured_image_nocaption":"","_FSMCFIC_featured_image_hide":"","_mc_calendar":[],"footnotes":""},"class_list":["post-874","page","type-page","status-publish","has-post-thumbnail","hentry"],"_links":{"self":[{"href":"https:\/\/gohrisch.de\/index.php?rest_route=\/wp\/v2\/pages\/874","targetHints":{"allow":["GET"]}}],"collection":[{"href":"https:\/\/gohrisch.de\/index.php?rest_route=\/wp\/v2\/pages"}],"about":[{"href":"https:\/\/gohrisch.de\/index.php?rest_route=\/wp\/v2\/types\/page"}],"author":[{"embeddable":true,"href":"https:\/\/gohrisch.de\/index.php?rest_route=\/wp\/v2\/users\/1"}],"replies":[{"embeddable":true,"href":"https:\/\/gohrisch.de\/index.php?rest_route=%2Fwp%2Fv2%2Fcomments&post=874"}],"version-history":[{"count":3,"href":"https:\/\/gohrisch.de\/index.php?rest_route=\/wp\/v2\/pages\/874\/revisions"}],"predecessor-version":[{"id":1287,"href":"https:\/\/gohrisch.de\/index.php?rest_route=\/wp\/v2\/pages\/874\/revisions\/1287"}],"up":[{"embeddable":true,"href":"https:\/\/gohrisch.de\/index.php?rest_route=\/wp\/v2\/pages\/710"}],"wp:featuredmedia":[{"embeddable":true,"href":"https:\/\/gohrisch.de\/index.php?rest_route=\/wp\/v2\/media\/430"}],"wp:attachment":[{"href":"https:\/\/gohrisch.de\/index.php?rest_route=%2Fwp%2Fv2%2Fmedia&parent=874"}],"curies":[{"name":"wp","href":"https:\/\/api.w.org\/{rel}","templated":true}]}}