{"id":883,"date":"2025-10-30T11:12:33","date_gmt":"2025-10-30T11:12:33","guid":{"rendered":"https:\/\/go.ar-plan.de\/?page_id=883"},"modified":"2026-03-05T10:23:56","modified_gmt":"2026-03-05T10:23:56","slug":"moznosti-nakupu","status":"publish","type":"page","link":"https:\/\/gohrisch.de\/?page_id=883&lang=cs","title":{"rendered":"mo\u017enosti n\u00e1kupu"},"content":{"rendered":"<p>mo\u017enosti n\u00e1kupu<\/p>\n\n","protected":false},"excerpt":{"rendered":"<p>mo\u017enosti n\u00e1kupu<\/p>\n","protected":false},"author":1,"featured_media":0,"parent":710,"menu_order":0,"comment_status":"closed","ping_status":"closed","template":"","meta":{"_FSMCFIC_featured_image_caption":"","_FSMCFIC_featured_image_nocaption":"","_FSMCFIC_featured_image_hide":"","_mc_calendar":[],"footnotes":""},"class_list":["post-883","page","type-page","status-publish","hentry"],"_links":{"self":[{"href":"https:\/\/gohrisch.de\/index.php?rest_route=\/wp\/v2\/pages\/883","targetHints":{"allow":["GET"]}}],"collection":[{"href":"https:\/\/gohrisch.de\/index.php?rest_route=\/wp\/v2\/pages"}],"about":[{"href":"https:\/\/gohrisch.de\/index.php?rest_route=\/wp\/v2\/types\/page"}],"author":[{"embeddable":true,"href":"https:\/\/gohrisch.de\/index.php?rest_route=\/wp\/v2\/users\/1"}],"replies":[{"embeddable":true,"href":"https:\/\/gohrisch.de\/index.php?rest_route=%2Fwp%2Fv2%2Fcomments&post=883"}],"version-history":[{"count":2,"href":"https:\/\/gohrisch.de\/index.php?rest_route=\/wp\/v2\/pages\/883\/revisions"}],"predecessor-version":[{"id":1293,"href":"https:\/\/gohrisch.de\/index.php?rest_route=\/wp\/v2\/pages\/883\/revisions\/1293"}],"up":[{"embeddable":true,"href":"https:\/\/gohrisch.de\/index.php?rest_route=\/wp\/v2\/pages\/710"}],"wp:attachment":[{"href":"https:\/\/gohrisch.de\/index.php?rest_route=%2Fwp%2Fv2%2Fmedia&parent=883"}],"curies":[{"name":"wp","href":"https:\/\/api.w.org\/{rel}","templated":true}]}}